{"id":1039,"date":"2024-04-07T17:09:54","date_gmt":"2024-04-07T17:09:54","guid":{"rendered":"https:\/\/thelastresort.ch\/divi\/?page_id=1039"},"modified":"2024-08-17T07:03:37","modified_gmt":"2024-08-17T07:03:37","slug":"about-us","status":"publish","type":"page","link":"https:\/\/www.thelastresort.ch\/deutsch\/about-us\/","title":{"rendered":"\u00dcber uns"},"content":{"rendered":"<p>[et_pb_section fb_built=&#8221;1&#8243; admin_label=&#8221;Header&#8221; _builder_version=&#8221;4.23.1&#8243; _module_preset=&#8221;default&#8221; use_background_color_gradient=&#8221;on&#8221; background_color_gradient_stops=&#8221;rgba(0,0,0,0.7) 0%|rgba(0,0,0,0) 100%&#8221; background_color_gradient_overlays_image=&#8221;on&#8221; background_color_gradient_start=&#8221;rgba(0,0,0,0.7)&#8221; background_color_gradient_end=&#8221;rgba(0,0,0,0)&#8221; background_image=&#8221;https:\/\/thelastresort.ch\/wp-content\/uploads\/2023\/12\/alpen-panorama-242c3419-bc04-4607-b8cd-739ae327717e.jpg&#8221; background_blend=&#8221;lighten&#8221; custom_padding=&#8221;||0px||false|false&#8221; global_colors_info=&#8221;{}&#8221;][et_pb_row column_structure=&#8221;3_5,2_5&#8243; make_equal=&#8221;on&#8221; admin_label=&#8221;Row&#8221; _builder_version=&#8221;4.23.1&#8243; _module_preset=&#8221;default&#8221; z_index=&#8221;10&#8243; custom_margin=&#8221;||||false|false&#8221; custom_padding=&#8221;||5px||false|false&#8221; global_colors_info=&#8221;{}&#8221;][et_pb_column type=&#8221;3_5&#8243; _builder_version=&#8221;4.23.1&#8243; _module_preset=&#8221;default&#8221; custom_padding=&#8221;100px||||false|false&#8221; custom_padding_tablet=&#8221;0px||||false|false&#8221; custom_padding_phone=&#8221;&#8221; custom_padding_last_edited=&#8221;on|phone&#8221; global_colors_info=&#8221;{}&#8221;][et_pb_image src=&#8221;https:\/\/www.thelastresort.ch\/wp-content\/uploads\/2023\/12\/TLRWhite.png&#8221; alt=&#8221;The Last Resort&#8221; title_text=&#8221;TLRWhite&#8221; show_bottom_space=&#8221;off&#8221; disabled_on=&#8221;on|off|off&#8221; _builder_version=&#8221;4.23.1&#8243; _module_preset=&#8221;default&#8221; transform_scale=&#8221;94%|94%&#8221; transform_translate=&#8221;24px|-63px&#8221; transform_translate_linked=&#8221;off&#8221; width=&#8221;57%&#8221; custom_margin=&#8221;|-130px||||&#8221; global_colors_info=&#8221;{}&#8221;][\/et_pb_image][\/et_pb_column][et_pb_column type=&#8221;2_5&#8243; _builder_version=&#8221;4.23.1&#8243; _module_preset=&#8221;default&#8221; background_color=&#8221;rgba(178,151,94,0.69)&#8221; custom_padding=&#8221;50px|30px|50px|30px|true|true&#8221; custom_padding_tablet=&#8221;&#8221; custom_padding_phone=&#8221;50px|20px|50px|20px|true|true&#8221; custom_padding_last_edited=&#8221;on|phone&#8221; border_radii=&#8221;on|20px|20px|20px|20px&#8221; border_width_all=&#8221;2px&#8221; box_shadow_style=&#8221;preset3&#8243; box_shadow_vertical=&#8221;39px&#8221; box_shadow_blur=&#8221;74px&#8221; box_shadow_spread=&#8221;-8px&#8221; box_shadow_color=&#8221;rgba(0,0,0,0.2)&#8221; global_colors_info=&#8221;{}&#8221;][et_pb_image src=&#8221;https:\/\/thelastresort.ch\/wp-content\/uploads\/2024\/04\/CowAndNewFlag.png&#8221; title_text=&#8221;CowAndNewFlag&#8221; _builder_version=&#8221;4.23.1&#8243; _module_preset=&#8221;default&#8221; global_colors_info=&#8221;{}&#8221;][\/et_pb_image][et_pb_image src=&#8221;https:\/\/www.thelastresort.ch\/wp-content\/uploads\/2023\/12\/TLRWhite.png&#8221; alt=&#8221;The Last Resort&#8221; title_text=&#8221;TLRWhite&#8221; disabled_on=&#8221;off|on|on&#8221; _builder_version=&#8221;4.23.1&#8243; _module_preset=&#8221;default&#8221; transform_scale=&#8221;61%|61%&#8221; custom_padding=&#8221;||0px|||&#8221; global_colors_info=&#8221;{}&#8221;][\/et_pb_image][\/et_pb_column][\/et_pb_row][\/et_pb_section][et_pb_section fb_built=&#8221;1&#8243; admin_label=&#8221;Categories&#8221; _builder_version=&#8221;4.23.1&#8243; _module_preset=&#8221;default&#8221; background_color=&#8221;#f3f7f0&#8243; custom_margin=&#8221;-72px||26px|||&#8221; custom_padding=&#8221;||||false|false&#8221; global_colors_info=&#8221;{}&#8221;][et_pb_row use_custom_gutter=&#8221;on&#8221; gutter_width=&#8221;1&#8243; make_equal=&#8221;on&#8221; custom_padding_last_edited=&#8221;on|desktop&#8221; _builder_version=&#8221;4.23.1&#8243; _module_preset=&#8221;default&#8221; height=&#8221;161px&#8221; custom_margin=&#8221;-116px|auto|23px|auto|false|false&#8221; custom_margin_tablet=&#8221;0px||||false|false&#8221; custom_margin_phone=&#8221;&#8221; custom_margin_last_edited=&#8221;on|tablet&#8221; custom_padding=&#8221;|340px|0px||false|false&#8221; custom_padding_tablet=&#8221;|0px|||false|false&#8221; custom_padding_phone=&#8221;&#8221; global_colors_info=&#8221;{}&#8221;][et_pb_column type=&#8221;4_4&#8243; _builder_version=&#8221;4.23.1&#8243; _module_preset=&#8221;default&#8221; background_color=&#8221;#606060&#8243; custom_padding=&#8221;40px|30px|80px|30px|false|true&#8221; custom_padding_tablet=&#8221;&#8221; custom_padding_phone=&#8221;|20px||20px|false|true&#8221; custom_padding_last_edited=&#8221;on|desktop&#8221; global_colors_info=&#8221;{}&#8221;][et_pb_heading title=&#8221;\u00dcber uns&#8221; _builder_version=&#8221;4.23.1&#8243; _module_preset=&#8221;default&#8221; title_text_color=&#8221;#FFFFFF&#8221; title_font_size=&#8221;76px&#8221; title_line_height=&#8221;1.5em&#8221; custom_margin=&#8221;6px||-45px||false|false&#8221; custom_padding=&#8221;0px||0px||false|false&#8221; global_colors_info=&#8221;{}&#8221;][\/et_pb_heading][\/et_pb_column][\/et_pb_row][et_pb_row _builder_version=&#8221;4.23.1&#8243; _module_preset=&#8221;default&#8221; global_colors_info=&#8221;{}&#8221;][et_pb_column type=&#8221;4_4&#8243; _builder_version=&#8221;4.23.1&#8243; _module_preset=&#8221;default&#8221; global_colors_info=&#8221;{}&#8221;][et_pb_text _builder_version=&#8221;4.23.1&#8243; _module_preset=&#8221;default&#8221; custom_padding=&#8221;24px||0px|||&#8221; inline_fonts=&#8221;Caveat&#8221; global_colors_info=&#8221;{}&#8221;]<\/p>\n<p>The Last Resort wurde von einem kleinen internationalen Kollektiv von Menschenrechtsaktivisten (mit juristischem, wissenschaftlichem, medizinischem und gesundheitsbezogenem Hintergrund) gegr\u00fcndet, die den Prozess der Sterbehilfe in der Schweiz diversifizieren (und verbessern) wollen.<\/p>\n<p>Als Team, das hinter dem innovativen Ratgeber &#8220;<a href=\"https:\/\/www.peacefulpillhandbook.com\/store\/produkt\/schweiz\/?lang=de\">In die Schweiz gehen<\/a>&#8221; steht, haben wir uns vorgenommen, einen Ort der Ver\u00e4nderung zu schaffen &#8211; zum Besseren.<\/p>\n<p><strong>Sarco<\/strong><\/p>\n<p>The Last Resort ist der einzige Dienst f\u00fcr begleiteten Suizid in der Schweiz, in dem die 3D-gedruckte Sarco-Kapsel verwendet wird.<\/p>\n<p>Der Sarco markiert einen Wendepunkt in der Geschichte von Tod und Sterben. Wir gehen davon aus, dass die Sarco ein fester Bestandteil der Aktivit\u00e4ten von The Last Resort sein wird.<\/p>\n<p>Die Sarco-Kapsel entspricht dem Schweizer Gesetz und erm\u00f6glicht einen <strong>freiwilligen, friedlichen und zuverl\u00e4ssigen<\/strong> Tod zu einem Zeitpunkt, den man selbst bestimmt.<\/p>\n<p>Sarco ist eine <strong>medikamentenfreie<\/strong> Option ohne versteckte Kosten. Tats\u00e4chlich ist die Verwendung des Sarco im The Last Resort f\u00fcr &#8220;zugelassene Benutzer&#8221; <strong>kostenlos<\/strong>*.<\/p>\n<p>The Last Resort wird der <strong>einzige Ort<\/strong> auf der Welt sein, an dem die Sarco-Kapsel verwendet werden kann.<\/p>\n<p><strong>The Benefits of the Sarco include:<\/strong><\/p>\n<ul>\n<li>KOSTENLOS<\/li>\n<li>Medikamentenfrei<\/li>\n<li>Kein Risiko des Erbrechens<\/li>\n<li>Kein Risiko der IV-Gewebeverstopfung (Blockierung)<\/li>\n<li>\u00c4rzte werden aus einer Rolle entlassen, mit der sich viele unwohl f\u00fchlen, da f\u00fcr die Sarco kein Arzt erforderlich ist (au\u00dfer f\u00fcr die Beurteilung der geistigen F\u00e4higkeiten).<\/li>\n<\/ul>\n<p><strong>Gr\u00fcnde f\u00fcr einen begleiteten Suizid im The Last Resort k\u00f6nnen sein:<\/strong><\/p>\n<ul>\n<li>Hohes Alter, wie es der 104-j\u00e4hrige britische\/australische Professor <a href=\"https:\/\/www.exitinternational.net\/story\/professor-david-goodall\/\">David Goodall<\/a> erlebt hat<\/li>\n<li>Mehrfacherkrankungen im Alter, wie sie die S\u00fcdafrikanerin <a href=\"https:\/\/www.exitinternational.net\/story\/laura-henkel\/\">Laura Henkel<\/a> erlebt hat<\/li>\n<li>Krankheit &#8211; schwer, chronisch oder unheilbar, f\u00fcr jeden, der mit dem Sterbeprozess konfrontiert ist, sei er nun langsam oder schnell<\/li>\n<li>Fr\u00fche Demenz &#8211; solange die geistigen F\u00e4higkeiten erhalten bleiben<\/li>\n<\/ul>\n<p>The Last Resort hilft jungen Menschen <strong>nicht<\/strong> beim Sterben, es sei denn, sie haben eine schwere k\u00f6rperliche Krankheit (d. h. keine psychiatrische).<\/p>\n<p>&nbsp;<\/p>\n<p>[\/et_pb_text][\/et_pb_column][\/et_pb_row][et_pb_row column_structure=&#8221;1_2,1_2&#8243; _builder_version=&#8221;4.23.1&#8243; _module_preset=&#8221;default&#8221; global_colors_info=&#8221;{}&#8221;][et_pb_column type=&#8221;1_2&#8243; _builder_version=&#8221;4.23.1&#8243; _module_preset=&#8221;default&#8221; global_colors_info=&#8221;{}&#8221;][et_pb_blurb title=&#8221;Beachten Sie:&#8221; use_icon=&#8221;on&#8221; font_icon=&#8221;&#xf02e;||fa||400&#8243; icon_color=&#8221;#FFFFFF&#8221; disabled_on=&#8221;on|on|off&#8221; _builder_version=&#8221;4.23.1&#8243; _module_preset=&#8221;default&#8221; header_level=&#8221;h2&#8243; header_font_size=&#8221;30px&#8221; header_line_height=&#8221;2em&#8221; background_color=&#8221;rgba(178,153,98,0.33)&#8221; height=&#8221;450px&#8221; custom_padding=&#8221;20px|20px|20px|20px|false|false&#8221; animation_style=&#8221;bounce&#8221; border_radii=&#8221;on|20px|20px|20px|20px&#8221; box_shadow_style=&#8221;preset1&#8243; global_colors_info=&#8221;{}&#8221;]<\/p>\n<p>Die wichtigsten Kriterien f\u00fcr eine rechtm\u00e4\u00dfige Sterbehilfe in der Schweiz sind:<\/p>\n<ul>\n<li>Geistige F\u00e4higkeit<\/li>\n<li>Tatherrschaft&#8221; &#8211; die Anforderung, dass die Handlung, die den Tod herbeif\u00fchrt, von der Person ausgef\u00fchrt wird, deren Tod es sein wird<\/li>\n<li>Die helfenden Personen m\u00fcssen altruistisch motiviert sein.<\/li>\n<\/ul>\n<p>[\/et_pb_blurb][\/et_pb_column][et_pb_column type=&#8221;1_2&#8243; _builder_version=&#8221;4.23.1&#8243; _module_preset=&#8221;default&#8221; global_colors_info=&#8221;{}&#8221;][et_pb_blurb title=&#8221;FAQS&#8221; use_icon=&#8221;on&#8221; font_icon=&#8221;&#xf0e8;||fa||900&#8243; icon_color=&#8221;#FFFFFF&#8221; _builder_version=&#8221;4.23.1&#8243; _module_preset=&#8221;default&#8221; header_level=&#8221;h2&#8243; header_line_height=&#8221;2em&#8221; background_color=&#8221;rgba(178,153,98,0.33)&#8221; height=&#8221;450px&#8221; custom_padding=&#8221;20px|20px|20px|20px|false|false&#8221; animation_style=&#8221;bounce&#8221; hover_enabled=&#8221;0&#8243; border_radii=&#8221;on|20px|20px|20px|20px&#8221; box_shadow_style=&#8221;preset1&#8243; global_colors_info=&#8221;{}&#8221; sticky_enabled=&#8221;0&#8243;]<\/p>\n<p>Wenn Sie mehr \u00fcber die Organisation The Last Resort und den Sarco erfahren m\u00f6chten, lesen Sie bitte unsere FAQs.<\/p>\n<p style=\"text-align: center;\"><a class=\"et_pb_button et-blurb-button\" href=\"https:\/\/www.thelastresort.ch\/deutsch\/faqs\/\">Besuchen Sie die FAQ-Seite<\/a><\/p>\n<p>[\/et_pb_blurb][\/et_pb_column][\/et_pb_row][\/et_pb_section][et_pb_section fb_built=&#8221;1&#8243; admin_label=&#8221;Divider&#8221; _builder_version=&#8221;4.23.1&#8243; _module_preset=&#8221;default&#8221; background_color=&#8221;#f3f7f0&#8243; min_height=&#8221;84px&#8221; custom_margin=&#8221;-37px|||||&#8221; custom_padding=&#8221;0px||0px|||&#8221; global_colors_info=&#8221;{}&#8221;][et_pb_row _builder_version=&#8221;4.23.1&#8243; _module_preset=&#8221;default&#8221; global_colors_info=&#8221;{}&#8221;][et_pb_column type=&#8221;4_4&#8243; _builder_version=&#8221;4.23.1&#8243; _module_preset=&#8221;default&#8221; global_colors_info=&#8221;{}&#8221;][\/et_pb_column][\/et_pb_row][\/et_pb_section][et_pb_section fb_built=&#8221;1&#8243; fullwidth=&#8221;on&#8221; _builder_version=&#8221;4.23.1&#8243; _module_preset=&#8221;default&#8221; global_colors_info=&#8221;{}&#8221;][et_pb_fullwidth_image src=&#8221;https:\/\/thelastresort.ch\/wp-content\/uploads\/2023\/12\/alpen-panorama-242c3419-bc04-4607-b8cd-739ae327717e.jpg&#8221; title_text=&#8221;alpen-panorama-242c3419-bc04-4607-b8cd-739ae327717e&#8221; _builder_version=&#8221;4.23.1&#8243; _module_preset=&#8221;default&#8221; global_colors_info=&#8221;{}&#8221;][\/et_pb_fullwidth_image][\/et_pb_section]<\/p>\n","protected":false},"excerpt":{"rendered":"<p>The Last Resort wurde von einem kleinen internationalen Kollektiv von Menschenrechtsaktivisten (mit juristischem, wissenschaftlichem, medizinischem und gesundheitsbezogenem Hintergrund) gegr\u00fcndet, die den Prozess der Sterbehilfe in der Schweiz diversifizieren (und verbessern) wollen. Als Team, das hinter dem innovativen Ratgeber &#8220;In die Schweiz gehen&#8221; steht, haben wir uns vorgenommen, einen Ort der Ver\u00e4nderung zu schaffen &#8211; zum [&hellip;]<\/p>\n","protected":false},"author":1,"featured_media":0,"parent":0,"menu_order":0,"comment_status":"closed","ping_status":"closed","template":"","meta":{"_et_pb_use_builder":"on","_et_pb_old_content":"","_et_gb_content_width":"","footnotes":""},"_links":{"self":[{"href":"https:\/\/www.thelastresort.ch\/deutsch\/wp-json\/wp\/v2\/pages\/1039"}],"collection":[{"href":"https:\/\/www.thelastresort.ch\/deutsch\/wp-json\/wp\/v2\/pages"}],"about":[{"href":"https:\/\/www.thelastresort.ch\/deutsch\/wp-json\/wp\/v2\/types\/page"}],"author":[{"embeddable":true,"href":"https:\/\/www.thelastresort.ch\/deutsch\/wp-json\/wp\/v2\/users\/1"}],"replies":[{"embeddable":true,"href":"https:\/\/www.thelastresort.ch\/deutsch\/wp-json\/wp\/v2\/comments?post=1039"}],"version-history":[{"count":50,"href":"https:\/\/www.thelastresort.ch\/deutsch\/wp-json\/wp\/v2\/pages\/1039\/revisions"}],"predecessor-version":[{"id":2745,"href":"https:\/\/www.thelastresort.ch\/deutsch\/wp-json\/wp\/v2\/pages\/1039\/revisions\/2745"}],"wp:attachment":[{"href":"https:\/\/www.thelastresort.ch\/deutsch\/wp-json\/wp\/v2\/media?parent=1039"}],"curies":[{"name":"wp","href":"https:\/\/api.w.org\/{rel}","templated":true}]}}