{"id":2119,"date":"2024-06-13T07:16:14","date_gmt":"2024-06-13T07:16:14","guid":{"rendered":"https:\/\/www.thelastresort.ch\/?page_id=2119"},"modified":"2024-08-17T07:09:58","modified_gmt":"2024-08-17T07:09:58","slug":"support","status":"publish","type":"page","link":"https:\/\/www.thelastresort.ch\/deutsch\/support\/","title":{"rendered":"Unterst\u00fctzung"},"content":{"rendered":"[et_pb_section fb_built=&#8221;1&#8243; admin_label=&#8221;Header&#8221; _builder_version=&#8221;4.23.1&#8243; _module_preset=&#8221;default&#8221; use_background_color_gradient=&#8221;on&#8221; background_color_gradient_stops=&#8221;rgba(0,0,0,0.7) 0%|rgba(0,0,0,0) 100%&#8221; background_color_gradient_overlays_image=&#8221;on&#8221; background_color_gradient_start=&#8221;rgba(0,0,0,0.7)&#8221; background_color_gradient_end=&#8221;rgba(0,0,0,0)&#8221; background_image=&#8221;https:\/\/thelastresort.ch\/wp-content\/uploads\/2023\/12\/alpen-panorama-242c3419-bc04-4607-b8cd-739ae327717e.jpg&#8221; background_blend=&#8221;lighten&#8221; custom_padding=&#8221;||0px||false|false&#8221; global_colors_info=&#8221;{}&#8221;][et_pb_row column_structure=&#8221;3_5,2_5&#8243; make_equal=&#8221;on&#8221; admin_label=&#8221;Row&#8221; _builder_version=&#8221;4.23.1&#8243; _module_preset=&#8221;default&#8221; z_index=&#8221;10&#8243; custom_margin=&#8221;||||false|false&#8221; custom_padding=&#8221;||5px||false|false&#8221; global_colors_info=&#8221;{}&#8221;][et_pb_column type=&#8221;3_5&#8243; _builder_version=&#8221;4.23.1&#8243; _module_preset=&#8221;default&#8221; custom_padding=&#8221;100px||||false|false&#8221; custom_padding_tablet=&#8221;0px||||false|false&#8221; custom_padding_phone=&#8221;&#8221; custom_padding_last_edited=&#8221;on|phone&#8221; global_colors_info=&#8221;{}&#8221;][et_pb_image src=&#8221;https:\/\/www.thelastresort.ch\/wp-content\/uploads\/2023\/12\/TLRWhite.png&#8221; alt=&#8221;The Last Resort&#8221; title_text=&#8221;TLRWhite&#8221; show_bottom_space=&#8221;off&#8221; disabled_on=&#8221;on|off|off&#8221; _builder_version=&#8221;4.23.1&#8243; _module_preset=&#8221;default&#8221; transform_scale=&#8221;94%|94%&#8221; transform_translate=&#8221;24px|-63px&#8221; transform_translate_linked=&#8221;off&#8221; width=&#8221;57%&#8221; custom_margin=&#8221;|-130px||||&#8221; global_colors_info=&#8221;{}&#8221;][\/et_pb_image][\/et_pb_column][et_pb_column type=&#8221;2_5&#8243; _builder_version=&#8221;4.23.1&#8243; _module_preset=&#8221;default&#8221; background_color=&#8221;rgba(178,153,98,0.71)&#8221; custom_padding=&#8221;50px|30px|50px|30px|true|true&#8221; custom_padding_tablet=&#8221;&#8221; custom_padding_phone=&#8221;50px|20px|50px|20px|true|true&#8221; custom_padding_last_edited=&#8221;on|phone&#8221; border_radii=&#8221;on|20px|20px|20px|20px&#8221; border_width_all=&#8221;2px&#8221; box_shadow_style=&#8221;preset3&#8243; box_shadow_vertical=&#8221;39px&#8221; box_shadow_blur=&#8221;74px&#8221; box_shadow_spread=&#8221;-8px&#8221; box_shadow_color=&#8221;rgba(0,0,0,0.2)&#8221; global_colors_info=&#8221;{}&#8221;][et_pb_image src=&#8221;https:\/\/thelastresort.ch\/wp-content\/uploads\/2024\/04\/CowAndNewFlag.png&#8221; title_text=&#8221;CowAndNewFlag&#8221; _builder_version=&#8221;4.23.1&#8243; _module_preset=&#8221;default&#8221; global_colors_info=&#8221;{}&#8221;][\/et_pb_image][et_pb_image src=&#8221;https:\/\/www.thelastresort.ch\/wp-content\/uploads\/2023\/12\/TLRWhite.png&#8221; alt=&#8221;The Last Resort&#8221; title_text=&#8221;TLRWhite&#8221; disabled_on=&#8221;off|on|on&#8221; _builder_version=&#8221;4.23.1&#8243; _module_preset=&#8221;default&#8221; transform_scale=&#8221;61%|61%&#8221; global_colors_info=&#8221;{}&#8221;][\/et_pb_image][\/et_pb_column][\/et_pb_row][\/et_pb_section][et_pb_section fb_built=&#8221;1&#8243; admin_label=&#8221;Categories&#8221; _builder_version=&#8221;4.23.1&#8243; _module_preset=&#8221;default&#8221; background_color=&#8221;#f3f7f0&#8243; custom_margin=&#8221;-72px||26px|||&#8221; custom_padding=&#8221;||||false|false&#8221; global_colors_info=&#8221;{}&#8221;][et_pb_row use_custom_gutter=&#8221;on&#8221; gutter_width=&#8221;1&#8243; make_equal=&#8221;on&#8221; custom_padding_last_edited=&#8221;on|desktop&#8221; _builder_version=&#8221;4.23.1&#8243; _module_preset=&#8221;default&#8221; custom_margin=&#8221;-116px|auto|23px|auto|false|false&#8221; custom_margin_tablet=&#8221;0px||10px||false|false&#8221; custom_margin_phone=&#8221;&#8221; custom_margin_last_edited=&#8221;on|tablet&#8221; custom_padding=&#8221;|340px|0px||false|false&#8221; custom_padding_tablet=&#8221;|0px|||false|false&#8221; custom_padding_phone=&#8221;&#8221; global_colors_info=&#8221;{}&#8221;][et_pb_column type=&#8221;4_4&#8243; _builder_version=&#8221;4.23.1&#8243; _module_preset=&#8221;default&#8221; background_color=&#8221;#606060&#8243; custom_padding=&#8221;40px|30px|80px|30px|false|true&#8221; custom_padding_tablet=&#8221;&#8221; custom_padding_phone=&#8221;|20px||20px|false|true&#8221; custom_padding_last_edited=&#8221;on|desktop&#8221; global_colors_info=&#8221;{}&#8221;][et_pb_heading title=&#8221;Unterst\u00fctzung&#8221; _builder_version=&#8221;4.23.1&#8243; _module_preset=&#8221;default&#8221; title_text_color=&#8221;#FFFFFF&#8221; title_font_size=&#8221;60px&#8221; title_line_height=&#8221;1.5em&#8221; custom_margin=&#8221;6px||-87px||false|false&#8221; custom_padding=&#8221;0px||0px||false|false&#8221; global_colors_info=&#8221;{}&#8221;][\/et_pb_heading][\/et_pb_column][\/et_pb_row][et_pb_row column_structure=&#8221;3_5,2_5&#8243; use_custom_gutter=&#8221;on&#8221; gutter_width=&#8221;1&#8243; _builder_version=&#8221;4.23.1&#8243; _module_preset=&#8221;default&#8221; transform_translate=&#8221;0px|-84px&#8221; transform_translate_linked=&#8221;off&#8221; global_colors_info=&#8221;{}&#8221;][et_pb_column type=&#8221;3_5&#8243; _builder_version=&#8221;4.23.1&#8243; _module_preset=&#8221;default&#8221; transform_scale_linked=&#8221;off&#8221; custom_css_main_element=&#8221;width: 67.5%!important;&#8221; global_colors_info=&#8221;{}&#8221;][et_pb_text _builder_version=&#8221;4.23.1&#8243; _module_preset=&#8221;default&#8221; custom_margin=&#8221;150px|30px|30px|30px|false|true&#8221; custom_padding=&#8221;24px|||||&#8221; hover_enabled=&#8221;0&#8243; global_colors_info=&#8221;{}&#8221; sticky_enabled=&#8221;0&#8243;]<p><\/p>\n<p>The Last Resort finanziert sich \u00fcber Mitgliedschaften und Spenden\/Verm\u00e4chtnisse.<\/p>\n<p>Wenn Sie unsere Arbeit unterst\u00fctzen m\u00f6chten, treten Sie bitte noch heute bei und\/oder spenden Sie.<\/p>\n<div id=\"gtx-trans\" style=\"position: absolute; left: -45px; top: -10px;\">\n<div class=\"gtx-trans-icon\">\u00a0<\/div>\n<\/div>[\/et_pb_text][\/et_pb_column][et_pb_column type=&#8221;2_5&#8243; _builder_version=&#8221;4.23.1&#8243; _module_preset=&#8221;default&#8221; custom_css_main_element=&#8221;width: 30%!important;&#8221; global_colors_info=&#8221;{}&#8221;][et_pb_button button_url=&#8221;@ET-DC@eyJkeW5hbWljIjp0cnVlLCJjb250ZW50IjoicG9zdF9saW5rX3VybF9wYWdlIiwic2V0dGluZ3MiOnsicG9zdF9pZCI6IjE4NTEifX0=@&#8221; button_text=&#8221;Mitgliedschaft&#8221; button_alignment=&#8221;center&#8221; _builder_version=&#8221;4.23.1&#8243; _dynamic_attributes=&#8221;button_url&#8221; _module_preset=&#8221;default&#8221; custom_button=&#8221;on&#8221; button_text_size=&#8221;25px&#8221; button_text_color=&#8221;#FFFFFF&#8221; button_bg_color=&#8221;#E02B20&#8243; button_border_radius=&#8221;10px&#8221; button_letter_spacing=&#8221;0px&#8221; button_use_icon=&#8221;off&#8221; custom_margin=&#8221;150px||19px||false|false&#8221; box_shadow_style=&#8221;preset1&#8243; global_colors_info=&#8221;{}&#8221;][\/et_pb_button][et_pb_button button_url=&#8221;@ET-DC@eyJkeW5hbWljIjp0cnVlLCJjb250ZW50IjoicG9zdF9saW5rX3VybF9wYWdlIiwic2V0dGluZ3MiOnsicG9zdF9pZCI6IjE5NjkifX0=@&#8221; button_text=&#8221;Spenden&#8221; button_alignment=&#8221;center&#8221; _builder_version=&#8221;4.23.1&#8243; _dynamic_attributes=&#8221;button_url&#8221; _module_preset=&#8221;default&#8221; custom_button=&#8221;on&#8221; button_text_size=&#8221;25px&#8221; button_text_color=&#8221;#FFFFFF&#8221; button_bg_color=&#8221;#E02B20&#8243; button_border_radius=&#8221;10px&#8221; button_letter_spacing=&#8221;0px&#8221; button_use_icon=&#8221;off&#8221; custom_margin=&#8221;||19px||false|false&#8221; box_shadow_style=&#8221;preset1&#8243; global_colors_info=&#8221;{}&#8221;][\/et_pb_button][\/et_pb_column][\/et_pb_row][\/et_pb_section][et_pb_section fb_built=&#8221;1&#8243; fullwidth=&#8221;on&#8221; _builder_version=&#8221;4.23.1&#8243; _module_preset=&#8221;default&#8221; global_colors_info=&#8221;{}&#8221;][\/et_pb_section]","protected":false},"excerpt":{"rendered":"<p>The Last Resort finanziert sich \u00fcber Mitgliedschaften und Spenden\/Verm\u00e4chtnisse. Wenn Sie unsere Arbeit unterst\u00fctzen m\u00f6chten, treten Sie bitte noch heute bei und\/oder spenden Sie. \u00a0<\/p>\n","protected":false},"author":1,"featured_media":0,"parent":0,"menu_order":0,"comment_status":"closed","ping_status":"closed","template":"","meta":{"_et_pb_use_builder":"on","_et_pb_old_content":"","_et_gb_content_width":"","footnotes":""},"_links":{"self":[{"href":"https:\/\/www.thelastresort.ch\/deutsch\/wp-json\/wp\/v2\/pages\/2119"}],"collection":[{"href":"https:\/\/www.thelastresort.ch\/deutsch\/wp-json\/wp\/v2\/pages"}],"about":[{"href":"https:\/\/www.thelastresort.ch\/deutsch\/wp-json\/wp\/v2\/types\/page"}],"author":[{"embeddable":true,"href":"https:\/\/www.thelastresort.ch\/deutsch\/wp-json\/wp\/v2\/users\/1"}],"replies":[{"embeddable":true,"href":"https:\/\/www.thelastresort.ch\/deutsch\/wp-json\/wp\/v2\/comments?post=2119"}],"version-history":[{"count":7,"href":"https:\/\/www.thelastresort.ch\/deutsch\/wp-json\/wp\/v2\/pages\/2119\/revisions"}],"predecessor-version":[{"id":2758,"href":"https:\/\/www.thelastresort.ch\/deutsch\/wp-json\/wp\/v2\/pages\/2119\/revisions\/2758"}],"wp:attachment":[{"href":"https:\/\/www.thelastresort.ch\/deutsch\/wp-json\/wp\/v2\/media?parent=2119"}],"curies":[{"name":"wp","href":"https:\/\/api.w.org\/{rel}","templated":true}]}}