{"id":2840,"date":"2024-10-31T08:56:51","date_gmt":"2024-10-31T08:56:51","guid":{"rendered":"https:\/\/www.thelastresort.ch\/deutsch\/?page_id=2840"},"modified":"2025-06-01T15:39:52","modified_gmt":"2025-06-01T15:39:52","slug":"presse","status":"publish","type":"page","link":"https:\/\/www.thelastresort.ch\/deutsch\/presse\/","title":{"rendered":"Presse"},"content":{"rendered":"<p>[et_pb_section fb_built=&#8221;1&#8243; admin_label=&#8221;Header&#8221; _builder_version=&#8221;4.23.1&#8243; _module_preset=&#8221;default&#8221; use_background_color_gradient=&#8221;on&#8221; background_color_gradient_stops=&#8221;rgba(0,0,0,0.7) 0%|rgba(0,0,0,0) 100%&#8221; background_color_gradient_overlays_image=&#8221;on&#8221; background_color_gradient_start=&#8221;rgba(0,0,0,0.7)&#8221; background_color_gradient_end=&#8221;rgba(0,0,0,0)&#8221; background_image=&#8221;https:\/\/thelastresort.ch\/wp-content\/uploads\/2023\/12\/alpen-panorama-242c3419-bc04-4607-b8cd-739ae327717e.jpg&#8221; background_blend=&#8221;lighten&#8221; custom_padding=&#8221;||0px||false|false&#8221; global_colors_info=&#8221;{}&#8221;][et_pb_row column_structure=&#8221;3_5,2_5&#8243; make_equal=&#8221;on&#8221; admin_label=&#8221;Row&#8221; _builder_version=&#8221;4.23.1&#8243; _module_preset=&#8221;default&#8221; z_index=&#8221;10&#8243; custom_margin=&#8221;|auto|-98px|auto|false|false&#8221; custom_padding=&#8221;||5px||false|false&#8221; global_colors_info=&#8221;{}&#8221;][et_pb_column type=&#8221;3_5&#8243; _builder_version=&#8221;4.23.1&#8243; _module_preset=&#8221;default&#8221; custom_padding=&#8221;100px||||false|false&#8221; custom_padding_tablet=&#8221;0px||||false|false&#8221; custom_padding_phone=&#8221;&#8221; custom_padding_last_edited=&#8221;on|phone&#8221; global_colors_info=&#8221;{}&#8221;][et_pb_image src=&#8221;https:\/\/www.thelastresort.ch\/wp-content\/uploads\/2023\/12\/TLRWhite.png&#8221; alt=&#8221;The Last Resort&#8221; title_text=&#8221;TLRWhite&#8221; show_bottom_space=&#8221;off&#8221; disabled_on=&#8221;on|off|off&#8221; _builder_version=&#8221;4.23.1&#8243; _module_preset=&#8221;default&#8221; transform_scale=&#8221;94%|94%&#8221; transform_translate=&#8221;24px|-63px&#8221; transform_translate_linked=&#8221;off&#8221; width=&#8221;57%&#8221; custom_margin=&#8221;|-130px||||&#8221; global_colors_info=&#8221;{}&#8221;][\/et_pb_image][\/et_pb_column][et_pb_column type=&#8221;2_5&#8243; _builder_version=&#8221;4.23.1&#8243; _module_preset=&#8221;default&#8221; background_color=&#8221;rgba(178,153,98,0.68)&#8221; custom_padding=&#8221;50px|30px|50px|30px|true|true&#8221; custom_padding_tablet=&#8221;&#8221; custom_padding_phone=&#8221;50px|20px|50px|20px|true|true&#8221; custom_padding_last_edited=&#8221;on|phone&#8221; border_radii=&#8221;on|20px|20px|20px|20px&#8221; border_width_all=&#8221;2px&#8221; box_shadow_style=&#8221;preset3&#8243; box_shadow_vertical=&#8221;39px&#8221; box_shadow_blur=&#8221;74px&#8221; box_shadow_spread=&#8221;-8px&#8221; box_shadow_color=&#8221;rgba(0,0,0,0.2)&#8221; global_colors_info=&#8221;{}&#8221;][et_pb_image src=&#8221;https:\/\/thelastresort.ch\/wp-content\/uploads\/2024\/04\/CowAndNewFlag.png&#8221; title_text=&#8221;CowAndNewFlag&#8221; _builder_version=&#8221;4.23.1&#8243; _module_preset=&#8221;default&#8221; global_colors_info=&#8221;{}&#8221;][\/et_pb_image][et_pb_image src=&#8221;https:\/\/www.thelastresort.ch\/wp-content\/uploads\/2023\/12\/TLRWhite.png&#8221; alt=&#8221;The Last Resort&#8221; title_text=&#8221;TLRWhite&#8221; disabled_on=&#8221;off|on|on&#8221; _builder_version=&#8221;4.23.1&#8243; _module_preset=&#8221;default&#8221; transform_scale=&#8221;61%|61%&#8221; global_colors_info=&#8221;{}&#8221;][\/et_pb_image][\/et_pb_column][\/et_pb_row][\/et_pb_section][et_pb_section fb_built=&#8221;1&#8243; admin_label=&#8221;Categories&#8221; _builder_version=&#8221;4.23.1&#8243; _module_preset=&#8221;default&#8221; background_color=&#8221;#f3f7f0&#8243; custom_margin=&#8221;-72px||26px|||&#8221; custom_padding=&#8221;||||false|false&#8221; global_colors_info=&#8221;{}&#8221;][et_pb_row use_custom_gutter=&#8221;on&#8221; gutter_width=&#8221;1&#8243; make_equal=&#8221;on&#8221; custom_padding_last_edited=&#8221;on|desktop&#8221; _builder_version=&#8221;4.23.1&#8243; _module_preset=&#8221;default&#8221; transform_translate=&#8221;0px|-30px&#8221; transform_translate_linked=&#8221;off&#8221; min_height=&#8221;112px&#8221; custom_margin=&#8221;-116px|auto|23px|auto|false|false&#8221; custom_margin_tablet=&#8221;0px||10px||false|false&#8221; custom_margin_phone=&#8221;&#8221; custom_margin_last_edited=&#8221;on|tablet&#8221; custom_padding=&#8221;|340px|0px||false|false&#8221; custom_padding_tablet=&#8221;|0px|||false|false&#8221; custom_padding_phone=&#8221;&#8221; global_colors_info=&#8221;{}&#8221;][et_pb_column type=&#8221;4_4&#8243; _builder_version=&#8221;4.23.1&#8243; _module_preset=&#8221;default&#8221; background_color=&#8221;#606060&#8243; custom_padding=&#8221;40px|30px|80px|30px|false|true&#8221; custom_padding_tablet=&#8221;&#8221; custom_padding_phone=&#8221;|20px||20px|false|true&#8221; custom_padding_last_edited=&#8221;on|desktop&#8221; global_colors_info=&#8221;{}&#8221;][et_pb_heading title=&#8221;Presseinformationen&#8221; _builder_version=&#8221;4.23.1&#8243; _module_preset=&#8221;default&#8221; title_text_color=&#8221;#FFFFFF&#8221; title_font_size=&#8221;60px&#8221; title_line_height=&#8221;1.5em&#8221; min_height=&#8221;18px&#8221; custom_margin=&#8221;6px||-113px||false|false&#8221; custom_padding=&#8221;0px||31px||false|false&#8221; global_colors_info=&#8221;{}&#8221;][\/et_pb_heading][\/et_pb_column][\/et_pb_row][\/et_pb_section][et_pb_section fb_built=&#8221;1&#8243; admin_label=&#8221;Divider&#8221; _builder_version=&#8221;4.23.1&#8243; _module_preset=&#8221;default&#8221; background_color=&#8221;#f3f7f0&#8243; min_height=&#8221;84px&#8221; custom_margin=&#8221;-37px|||||&#8221; custom_padding=&#8221;0px||0px|||&#8221; global_colors_info=&#8221;{}&#8221;][et_pb_row column_structure=&#8221;2_3,1_3&#8243; _builder_version=&#8221;4.23.1&#8243; _module_preset=&#8221;default&#8221; custom_margin=&#8221;||||false|false&#8221; custom_padding=&#8221;10px||25px||false|false&#8221; global_colors_info=&#8221;{}&#8221;][et_pb_column type=&#8221;2_3&#8243; _builder_version=&#8221;4.23.1&#8243; _module_preset=&#8221;default&#8221; global_colors_info=&#8221;{}&#8221;][et_pb_image src=&#8221;https:\/\/www.thelastresort.ch\/deutsch\/wp-content\/uploads\/2025\/06\/ValeFlorianWilletDeutsch.jpg&#8221; title_text=&#8221;ValeFlorianWilletDeutsch&#8221; _builder_version=&#8221;4.23.1&#8243; _module_preset=&#8221;default&#8221; display_conditions=&#8221;W3siaWQiOiI0OGVlZDhjYi00MjYxLTRkOWQtYWU4MC1jYjY5OTZiYWMwYTAiLCJjb25kaXRpb24iOiJkYXRlVGltZSIsImNvbmRpdGlvblNldHRpbmdzIjp7ImRpc3BsYXlSdWxlIjoiaXNBZnRlciIsImRhdGUiOiIyMDI1LTYtMSIsInRpbWUiOiIxODowMCIsIndlZWtkYXlzIjoifCIsImFsbERheSI6Im9uIiwiZnJvbVRpbWUiOiIwMDowMCIsInVudGlsVGltZSI6IjAwOjAwIiwicmVwZWF0Ijoib2ZmIiwicmVwZWF0RnJlcXVlbmN5IjoibW9udGhseSIsInJlcGVhdEZyZXF1ZW5jeVNwZWNpZmljRGF5cyI6IndlZWtseSIsInJlcGVhdEVuZCI6Im5ldmVyIiwicmVwZWF0VW50aWxEYXRlIjoiMjAyNS02LTEiLCJyZXBlYXRUaW1lcyI6IjMiLCJhZG1pbkxhYmVsIjoiRGF0ZSAmIFRpbWUiLCJlbmFibGVDb25kaXRpb24iOiJvbiJ9LCJvcGVyYXRvciI6Ik9SIn1d&#8221; hover_enabled=&#8221;0&#8243; global_colors_info=&#8221;{}&#8221; sticky_enabled=&#8221;0&#8243;][\/et_pb_image][et_pb_text _builder_version=&#8221;4.23.1&#8243; _module_preset=&#8221;default&#8221; display_conditions=&#8221;W3siaWQiOiJmZWUzNzY5YS05N2EzLTRjMGQtYWIxMy0wMmM3YTgwMTVkZDAiLCJjb25kaXRpb24iOiJkYXRlVGltZSIsImNvbmRpdGlvblNldHRpbmdzIjp7ImRpc3BsYXlSdWxlIjoiaXNBZnRlciIsImRhdGUiOiIyMDI1LTYtMSIsInRpbWUiOiIxODowMCIsIndlZWtkYXlzIjoifCIsImFsbERheSI6Im9uIiwiZnJvbVRpbWUiOiIwMDowMCIsInVudGlsVGltZSI6IjAwOjAwIiwicmVwZWF0Ijoib2ZmIiwicmVwZWF0RnJlcXVlbmN5IjoibW9udGhseSIsInJlcGVhdEZyZXF1ZW5jeVNwZWNpZmljRGF5cyI6IndlZWtseSIsInJlcGVhdEVuZCI6Im5ldmVyIiwicmVwZWF0VW50aWxEYXRlIjoiMjAyNS02LTEiLCJyZXBlYXRUaW1lcyI6IjMiLCJhZG1pbkxhYmVsIjoiRGF0ZSAmIFRpbWUiLCJlbmFibGVDb25kaXRpb24iOiJvbiJ9LCJvcGVyYXRvciI6Ik9SIn1d&#8221; hover_enabled=&#8221;0&#8243; global_colors_info=&#8221;{}&#8221; sticky_enabled=&#8221;0&#8243;]<\/p>\n<p><em>1. Juni 2025<\/em><\/p>\n<p>Dr. Florian Willet starb am 5. Mai 2025 in Deutschland. Er wurde 47 Jahre alt.<\/p>\n<p>Er wird zutiefst vermisst &#8230;<\/p>\n<p>Am 23. September 2024 war Florian die einzige Person, die beim Tod einer Frau ( wir nennen sie \u201eSally\u201c) im 3D-gedruckten Sarco in einem Wald im Kanton Schaffhausen in der Schweiz anwesend war.<\/p>\n<p>Vom 23. September 2024 bis zum 2. Dezember 2024 sa\u00df Florian 70 Tage lang in Untersuchungshaft.<\/p>\n<p>Die Staatsanwaltschaft behauptete, der Sarco habe nicht funktioniert und er habe Sally stattdessen erw\u00fcrgt.<\/p>\n<p>Diese Behauptung entbehrt jeder Grundlage.<\/p>\n<p>Als Florian Anfang Dezember 2024 pl\u00f6tzlich und unerwartet aus der Untersuchungshaft entlassen wurde, war er ein ver\u00e4nderter Mensch.<\/p>\n<p>Sein herzliches L\u00e4cheln und sein Selbstvertrauen waren verschwunden.<\/p>\n<p>An seine Stelle war nun ein Mensch getreten, der durch die Erfahrung der Haft und die f\u00e4lschliche Anschuldigung der Strangulierung zutiefst traumatisiert schien.<\/p>\n<p>In den ersten Tagen des Jahres 2025 \u201est\u00fcrzte\u201c Florian aus dem dritten Stock seines Wohnhauses in Z\u00fcrich.<\/p>\n<p>Den gr\u00f6\u00dften Teil der folgenden drei Monate verbringt er in der Schweiz bei Operationen und Reha-Ma\u00dfnahmen.<\/p>\n<p>In seinem Entlassungsbericht vom Januar 2025 hie\u00df es, er leide an:<\/p>\n<p>\u201eeiner derzeit unter antipsychotischer Therapie abklingender akutem polymorphen psychotischen St\u00f6rung (F23.0), die sich nach Belastung durch die Untersuchungshaft und die damit einhergehenden Prozesse entwickelt hat\u201c<\/p>\n<p>Florians Geist war gebrochen.<\/p>\n<p>Er wusste, dass er nichts Illegales oder Falsches getan hatte, aber sein Glaube an die Rechtsstaatlichkeit der Schweiz war zerbrochen.<\/p>\n<p>In den letzten Monaten seines Lebens hat Dr. Florian Willet mehr auf sich genommen, als ein Mensch tun sollte.<\/p>\n<p>Er war tapfer dabei, als der Sarco eingesetzt wurde.<\/p>\n<p>Jeder braucht in seinen letzten Momenten einen Florian an seiner Seite.<\/p>\n<p>Doch Florian hat nun den ultimativen Preis &#8211; sein Leben &#8211; f\u00fcr sein Mitgef\u00fchl bezahlt.<\/p>\n<p>Florian wird f\u00fcr immer in unseren Herzen leben.<\/p>\n<p><em>Florian Willet, 3. August 1977 &#8211; 5. Mai 2025 &#8211; Pr\u00e4sident von The Last Resort, Verfechter des Rechts der Menschen auf freie Wahl<\/em><\/p>\n<p><em>Philip Nitschke +31 6309 66992<\/em><\/p>\n<p>[\/et_pb_text][et_pb_image src=&#8221;https:\/\/www.thelastresort.ch\/deutsch\/wp-content\/uploads\/2025\/06\/onlineTribute.jpg&#8221; title_text=&#8221;onlineTribute&#8221; url=&#8221;https:\/\/www.online-tribute.com\/FlorianWillet&#8221; url_new_window=&#8221;on&#8221; _builder_version=&#8221;4.23.1&#8243; _module_preset=&#8221;default&#8221; display_conditions=&#8221;W3siaWQiOiIwYTQzMDU1Mi0xYzJmLTRkOTgtODgzOC04YjE4YTBmNDVkYWQiLCJjb25kaXRpb24iOiJkYXRlVGltZSIsImNvbmRpdGlvblNldHRpbmdzIjp7ImRpc3BsYXlSdWxlIjoiaXNBZnRlciIsImRhdGUiOiIyMDI1LTYtMSIsInRpbWUiOiIxODowMCIsIndlZWtkYXlzIjoifCIsImFsbERheSI6Im9uIiwiZnJvbVRpbWUiOiIwMDowMCIsInVudGlsVGltZSI6IjAwOjAwIiwicmVwZWF0Ijoib2ZmIiwicmVwZWF0RnJlcXVlbmN5IjoibW9udGhseSIsInJlcGVhdEZyZXF1ZW5jeVNwZWNpZmljRGF5cyI6IndlZWtseSIsInJlcGVhdEVuZCI6Im5ldmVyIiwicmVwZWF0VW50aWxEYXRlIjoiMjAyNS02LTEiLCJyZXBlYXRUaW1lcyI6IjMiLCJhZG1pbkxhYmVsIjoiRGF0ZSAmIFRpbWUiLCJlbmFibGVDb25kaXRpb24iOiJvbiJ9LCJvcGVyYXRvciI6Ik9SIn1d&#8221; hover_enabled=&#8221;0&#8243; global_colors_info=&#8221;{}&#8221; sticky_enabled=&#8221;0&#8243;][\/et_pb_image][et_pb_text _builder_version=&#8221;4.23.1&#8243; _module_preset=&#8221;default&#8221; global_colors_info=&#8221;{}&#8221;]<\/p>\n<p><em>2. Dezember 2024<\/em><\/p>\n<p><strong>Florian Willet endlich frei!<\/strong><\/p>\n<p>Heute, am 70. Tag seiner Untersuchungshaft, ist der Pr\u00e4sident des Schweizer Vereins The Last Resort, Dr. Florian Willet, von der Staatsanwaltschaft Schaffhausen aus der Untersuchungshaft entlassen worden.<\/p>\n<p>Im Namen von Exit International erkl\u00e4rte Dr. Philip Nitschke, er begr\u00fc\u00dfe die Freilassung und freue sich, dass sich die Rechtsstaatlichkeit im kleinen Kanton Schaffhausen endlich durchgesetzt habe.<\/p>\n<p>Dr. Nitschke erkl\u00e4rte, es falle ihm schwer, \u201edie sehr harte Art und Weise zu verstehen, in der Florian w\u00e4hrend und seit dem ersten Einsatz des Sarco behandelt wurde\u201c.<\/p>\n<p>Was den Mordvorwurf betrifft, so sagte der Staatsanwalt:<\/p>\n<p><em>&#8220;Nach dem letzten Stand der Ermittlungen besteht nach wie vor der dringende Verdacht der Anstiftung und Beihilfe zum Selbstmord, aber nicht mehr der Straftatbestand der vors\u00e4tzlichen T\u00f6tung &#8230;&#8221;<\/em><\/p>\n<p>&nbsp;<\/p>\n<p>Der Vorwurf des vors\u00e4tzlichen Mordes war und ist absurd\u201c.<\/p>\n<p>Der Sarco hat genau wie geplant funktioniert\u201c, sagte er.<\/p>\n<p>Der Tod der Amerikanerin war unproblematisch. Sie betrat den Sarco aus eigenem Entschluss, schloss den Deckel und dr\u00fcckte freiwillig den Knopf\u201c.<\/p>\n<p>Sie verlor schnell das Bewusstsein und starb innerhalb von 7 Minuten an Stickstoffhypoxie.<\/p>\n<p>Florian Willet war an ihrem Tod nicht beteiligt, er war lediglich anwesend.<\/p>\n<p>Exit International und The Last Resort sind der Ansicht, dass der erste Einsatz des Sarco nicht gegen Schweizer Recht versto\u00dfen hat.<\/p>\n<p>Beide Organisationen werden sich weiterhin daf\u00fcr einsetzen, dass ein guter Tod &#8211; ein begleiteter Tod &#8211; in der Schweiz und auf der ganzen Welt ein grundlegendes Menschenrecht ist, und dass ein solcher Tod kostenlos m\u00f6glich sein soll.<\/p>\n<p>&nbsp;<\/p>\n<p><strong><em>Hinweis &#8211; Dr. Philip Nitschke und Dr. Fiona Stewart haben sich zweimal dazu bereit erkl\u00e4rt, in die Schweiz zu reisen, um von der Staatsanwaltschaft in Schaffhausen befragt zu werden.<\/em><\/strong><\/p>\n<p><strong><em>Erst letzte Woche wurde dieses Angebot aus unbekannten Gr\u00fcnden erneut abgelehnt.<\/em><\/strong><\/p>\n<p>[\/et_pb_text][et_pb_image src=&#8221;https:\/\/www.thelastresort.ch\/deutsch\/wp-content\/uploads\/2024\/12\/florianLULU2.jpg&#8221; title_text=&#8221;florianLULU2&#8243; force_fullwidth=&#8221;on&#8221; _builder_version=&#8221;4.23.1&#8243; _module_preset=&#8221;default&#8221; global_colors_info=&#8221;{}&#8221;][\/et_pb_image][et_pb_divider _builder_version=&#8221;4.23.1&#8243; _module_preset=&#8221;default&#8221; global_colors_info=&#8221;{}&#8221;][\/et_pb_divider][et_pb_text _builder_version=&#8221;4.23.1&#8243; _module_preset=&#8221;default&#8221; global_colors_info=&#8221;{}&#8221;]<\/p>\n<p>Erkl\u00e4rung: 30. Oktober 2024<\/p>\n<p>Ohne den vollst\u00e4ndigen Autopsiebericht kann The Last Resort keine Stellungnahme zum \u201eVerdacht\u201c auf \u201eVerletzungen\u201c am Hals des ersten Sarco-Benutzers abgeben.<\/p>\n<p>Die Staatsanwaltschaft von Schaffhausen hat in fr\u00fcheren Medienberichten angegeben, dass die Autopsie am 23. September 2024 durchgef\u00fchrt wurde.<\/p>\n<p>F\u00fcnf Wochen sp\u00e4ter wurde der Autopsiebericht immer noch unter Verschluss gehalten, auch vor den Anw\u00e4lten von The Last Resort und Exit International sowie den beteiligten Personen.<\/p>\n<p>The Last Resort und Exit International versichern, dass der Sarco genau wie geplant funktionierte und der Benutzer friedlich an Stickstoffhypoxie starb.<\/p>\n<p>Die Vorw\u00fcrfe des vors\u00e4tzlichen Mordes sind l\u00e4cherlich und absurd. The Last Resort und Exit International weisen diese Vorw\u00fcrfe entschieden zur\u00fcck.<\/p>\n<p>Durchgehende Filmaufnahmen von zwei Kameras (eine im Sarco und eine externe mit Fokus auf den Sarco und die Umgebung) zeigen:<\/p>\n<ul>\n<li>Die Frau betrat den Sarco ohne Hilfe um 15:50:25 Uhr<\/li>\n<li>Die Frau schloss den Deckel des Sarco ohne Hilfe um 15:54:05 Uhr<\/li>\n<li>Die Frau dr\u00fcckte selbst den internen Aktivierungsknopf um 15:54:45 Uhr<\/li>\n<li>Die Polizei wurde um 16:30:00 Uhr kontaktiert, um den Tod zu melden<\/li>\n<li>Polizei und forensisches Personal trafen um 18:48:32 Uhr ein<\/li>\n<li>Die Sarco-Kapsel wurde um 19:22:25 Uhr ge\u00f6ffnet<\/li>\n<\/ul>\n<p>Es gibt ununterbrochenes Videomaterial vom Sarco ab dem Zeitpunkt, als die Frau die Kapsel betrat, bis zu dem Zeitpunkt, als die Polizei nach ihrem Tod gerufen wurde.<\/p>\n<p>Es gab KEINEN Eingriff oder Eintritt in die Kapsel.<\/p>\n<p>Au\u00dferdem wurde die Sauerstoffkonzentration aufgezeichnet und es kann nachgewiesen werden, dass sie bei der Aktivierung stark abfiel und bis weit nach dem Tod der Frau auf einem t\u00f6dlichen Niveau blieb.<\/p>\n<p>Es wird davon ausgegangen, dass die Staatsanwaltschaft im Besitz des Filmmaterials ist und sich der tats\u00e4chlichen Umst\u00e4nde des Todes der Frau bewusst ist.<\/p>\n<p>The Last Resort hat Vertrauen in das Schweizer Strafrechtssystem und die Rechtsstaatlichkeit.<\/p>\n<p>The Last Resort begr\u00fc\u00dft eine transparente und zeitnahe Untersuchung und ein entsprechendes Ergebnis.<\/p>\n<p>Anfang Oktober boten Dr. Philip Nitschke und Dr. Fiona Stewart an, f\u00fcr ein Interview in die Schweiz zu kommen.<\/p>\n<p>Dieses Angebot wurde von der Staatsanwaltschaft in Schaffhausen abgelehnt.<\/p>\n<p>ENDE<\/p>\n<p>[\/et_pb_text][\/et_pb_column][et_pb_column type=&#8221;1_3&#8243; _builder_version=&#8221;4.23.1&#8243; _module_preset=&#8221;default&#8221; global_colors_info=&#8221;{}&#8221;][\/et_pb_column][\/et_pb_row][\/et_pb_section][et_pb_section fb_built=&#8221;1&#8243; fullwidth=&#8221;on&#8221; _builder_version=&#8221;4.23.1&#8243; _module_preset=&#8221;default&#8221; background_video_mp4=&#8221;https:\/\/thelastresort.ch\/wp-content\/uploads\/2024\/04\/snowyField.mp4&#8243; min_height=&#8221;600px&#8221; filter_sepia=&#8221;59%&#8221; global_colors_info=&#8221;{}&#8221;][\/et_pb_section]<\/p>\n","protected":false},"excerpt":{"rendered":"<p>1. Juni 2025 Dr. Florian Willet starb am 5. Mai 2025 in Deutschland. Er wurde 47 Jahre alt. Er wird zutiefst vermisst &#8230; Am 23. September 2024 war Florian die einzige Person, die beim Tod einer Frau ( wir nennen sie \u201eSally\u201c) im 3D-gedruckten Sarco in einem Wald im Kanton Schaffhausen in der Schweiz anwesend [&hellip;]<\/p>\n","protected":false},"author":6,"featured_media":0,"parent":0,"menu_order":0,"comment_status":"closed","ping_status":"closed","template":"","meta":{"_et_pb_use_builder":"on","_et_pb_old_content":"","_et_gb_content_width":"","footnotes":""},"_links":{"self":[{"href":"https:\/\/www.thelastresort.ch\/deutsch\/wp-json\/wp\/v2\/pages\/2840"}],"collection":[{"href":"https:\/\/www.thelastresort.ch\/deutsch\/wp-json\/wp\/v2\/pages"}],"about":[{"href":"https:\/\/www.thelastresort.ch\/deutsch\/wp-json\/wp\/v2\/types\/page"}],"author":[{"embeddable":true,"href":"https:\/\/www.thelastresort.ch\/deutsch\/wp-json\/wp\/v2\/users\/6"}],"replies":[{"embeddable":true,"href":"https:\/\/www.thelastresort.ch\/deutsch\/wp-json\/wp\/v2\/comments?post=2840"}],"version-history":[{"count":17,"href":"https:\/\/www.thelastresort.ch\/deutsch\/wp-json\/wp\/v2\/pages\/2840\/revisions"}],"predecessor-version":[{"id":2932,"href":"https:\/\/www.thelastresort.ch\/deutsch\/wp-json\/wp\/v2\/pages\/2840\/revisions\/2932"}],"wp:attachment":[{"href":"https:\/\/www.thelastresort.ch\/deutsch\/wp-json\/wp\/v2\/media?parent=2840"}],"curies":[{"name":"wp","href":"https:\/\/api.w.org\/{rel}","templated":true}]}}