{"id":1039,"date":"2024-04-07T17:09:54","date_gmt":"2024-04-07T17:09:54","guid":{"rendered":"https:\/\/thelastresort.ch\/divi\/?page_id=1039"},"modified":"2024-08-23T10:14:58","modified_gmt":"2024-08-23T10:14:58","slug":"about-us","status":"publish","type":"page","link":"https:\/\/www.thelastresort.ch\/francais\/about-us\/","title":{"rendered":"About Us"},"content":{"rendered":"<p>[et_pb_section fb_built=&#8221;1&#8243; admin_label=&#8221;Header&#8221; _builder_version=&#8221;4.23.1&#8243; _module_preset=&#8221;default&#8221; use_background_color_gradient=&#8221;on&#8221; background_color_gradient_stops=&#8221;rgba(0,0,0,0.7) 0%|rgba(0,0,0,0) 100%&#8221; background_color_gradient_overlays_image=&#8221;on&#8221; background_color_gradient_start=&#8221;rgba(0,0,0,0.7)&#8221; background_color_gradient_end=&#8221;rgba(0,0,0,0)&#8221; background_image=&#8221;https:\/\/thelastresort.ch\/wp-content\/uploads\/2023\/12\/alpen-panorama-242c3419-bc04-4607-b8cd-739ae327717e.jpg&#8221; background_blend=&#8221;lighten&#8221; custom_padding=&#8221;||0px||false|false&#8221; global_colors_info=&#8221;{}&#8221;][et_pb_row column_structure=&#8221;3_5,2_5&#8243; make_equal=&#8221;on&#8221; admin_label=&#8221;Row&#8221; _builder_version=&#8221;4.23.1&#8243; _module_preset=&#8221;default&#8221; z_index=&#8221;10&#8243; custom_margin=&#8221;||||false|false&#8221; custom_padding=&#8221;||5px||false|false&#8221; global_colors_info=&#8221;{}&#8221;][et_pb_column type=&#8221;3_5&#8243; _builder_version=&#8221;4.23.1&#8243; _module_preset=&#8221;default&#8221; custom_padding=&#8221;100px||||false|false&#8221; custom_padding_tablet=&#8221;0px||||false|false&#8221; custom_padding_phone=&#8221;&#8221; custom_padding_last_edited=&#8221;on|phone&#8221; global_colors_info=&#8221;{}&#8221;][et_pb_image src=&#8221;https:\/\/www.thelastresort.ch\/wp-content\/uploads\/2023\/12\/TLRWhite.png&#8221; alt=&#8221;The Last Resort&#8221; title_text=&#8221;TLRWhite&#8221; show_bottom_space=&#8221;off&#8221; disabled_on=&#8221;on|off|off&#8221; _builder_version=&#8221;4.23.1&#8243; _module_preset=&#8221;default&#8221; transform_scale=&#8221;94%|94%&#8221; transform_translate=&#8221;24px|-63px&#8221; transform_translate_linked=&#8221;off&#8221; width=&#8221;57%&#8221; custom_margin=&#8221;|-130px||||&#8221; global_colors_info=&#8221;{}&#8221;][\/et_pb_image][\/et_pb_column][et_pb_column type=&#8221;2_5&#8243; _builder_version=&#8221;4.23.1&#8243; _module_preset=&#8221;default&#8221; background_color=&#8221;rgba(178,151,94,0.69)&#8221; custom_padding=&#8221;50px|30px|50px|30px|true|true&#8221; custom_padding_tablet=&#8221;&#8221; custom_padding_phone=&#8221;50px|20px|50px|20px|true|true&#8221; custom_padding_last_edited=&#8221;on|phone&#8221; border_radii=&#8221;on|20px|20px|20px|20px&#8221; border_width_all=&#8221;2px&#8221; box_shadow_style=&#8221;preset3&#8243; box_shadow_vertical=&#8221;39px&#8221; box_shadow_blur=&#8221;74px&#8221; box_shadow_spread=&#8221;-8px&#8221; box_shadow_color=&#8221;rgba(0,0,0,0.2)&#8221; global_colors_info=&#8221;{}&#8221;][et_pb_image src=&#8221;https:\/\/thelastresort.ch\/wp-content\/uploads\/2024\/04\/CowAndNewFlag.png&#8221; title_text=&#8221;CowAndNewFlag&#8221; _builder_version=&#8221;4.23.1&#8243; _module_preset=&#8221;default&#8221; global_colors_info=&#8221;{}&#8221;][\/et_pb_image][et_pb_image src=&#8221;https:\/\/www.thelastresort.ch\/wp-content\/uploads\/2023\/12\/TLRWhite.png&#8221; alt=&#8221;The Last Resort&#8221; title_text=&#8221;TLRWhite&#8221; disabled_on=&#8221;off|on|on&#8221; _builder_version=&#8221;4.23.1&#8243; _module_preset=&#8221;default&#8221; transform_scale=&#8221;61%|61%&#8221; custom_padding=&#8221;||0px|||&#8221; global_colors_info=&#8221;{}&#8221;][\/et_pb_image][\/et_pb_column][\/et_pb_row][\/et_pb_section][et_pb_section fb_built=&#8221;1&#8243; admin_label=&#8221;Categories&#8221; _builder_version=&#8221;4.23.1&#8243; _module_preset=&#8221;default&#8221; background_color=&#8221;#f3f7f0&#8243; custom_margin=&#8221;-72px||26px|||&#8221; custom_padding=&#8221;||||false|false&#8221; global_colors_info=&#8221;{}&#8221;][et_pb_row use_custom_gutter=&#8221;on&#8221; gutter_width=&#8221;1&#8243; make_equal=&#8221;on&#8221; custom_padding_last_edited=&#8221;on|desktop&#8221; _builder_version=&#8221;4.23.1&#8243; _module_preset=&#8221;default&#8221; height=&#8221;161px&#8221; custom_margin=&#8221;-116px|auto|23px|auto|false|false&#8221; custom_margin_tablet=&#8221;0px||||false|false&#8221; custom_margin_phone=&#8221;&#8221; custom_margin_last_edited=&#8221;on|tablet&#8221; custom_padding=&#8221;|340px|0px||false|false&#8221; custom_padding_tablet=&#8221;|0px|||false|false&#8221; custom_padding_phone=&#8221;&#8221; global_colors_info=&#8221;{}&#8221;][et_pb_column type=&#8221;4_4&#8243; _builder_version=&#8221;4.23.1&#8243; _module_preset=&#8221;default&#8221; background_color=&#8221;#606060&#8243; custom_padding=&#8221;40px|30px|80px|30px|false|true&#8221; custom_padding_tablet=&#8221;&#8221; custom_padding_phone=&#8221;|20px||20px|false|true&#8221; custom_padding_last_edited=&#8221;on|desktop&#8221; global_colors_info=&#8221;{}&#8221;][et_pb_heading title=&#8221;A propos de nous&#8221; _builder_version=&#8221;4.23.1&#8243; _module_preset=&#8221;default&#8221; title_text_color=&#8221;#FFFFFF&#8221; title_font_size=&#8221;76px&#8221; title_line_height=&#8221;1.5em&#8221; custom_margin=&#8221;6px||-45px||false|false&#8221; custom_padding=&#8221;0px||0px||false|false&#8221; global_colors_info=&#8221;{}&#8221;][\/et_pb_heading][\/et_pb_column][\/et_pb_row][et_pb_row _builder_version=&#8221;4.23.1&#8243; _module_preset=&#8221;default&#8221; global_colors_info=&#8221;{}&#8221;][et_pb_column type=&#8221;4_4&#8243; _builder_version=&#8221;4.23.1&#8243; _module_preset=&#8221;default&#8221; global_colors_info=&#8221;{}&#8221;][et_pb_text _builder_version=&#8221;4.23.1&#8243; _module_preset=&#8221;default&#8221; custom_padding=&#8221;24px||0px|||&#8221; hover_enabled=&#8221;0&#8243; inline_fonts=&#8221;Caveat&#8221; global_colors_info=&#8221;{}&#8221; sticky_enabled=&#8221;0&#8243;]<\/p>\n<p>The Last Resort a \u00e9t\u00e9 fond\u00e9 par un petit collectif international de d\u00e9fenseurs des droits de l&#8217;homme (avec une formation en droit, en science, en m\u00e9decine et en soins de sant\u00e9) qui souhaitent diversifier (et am\u00e9liorer) le processus d&#8217;aide \u00e0 mourir en Suisse.<\/p>\n<p>En tant qu&#8217;\u00e9quipe \u00e0 l&#8217;origine du guide r\u00e9volutionnaire <a href=\"https:\/\/www.peacefulpillhandbook.com\/store\/produit\/suisse\/?lang=fr\"><em>Aller en Suisse<\/em><\/a><em>,<\/em> nous avons d\u00e9cid\u00e9 de cr\u00e9er un lieu de changement, pour le meilleur.<\/p>\n<p><strong>Sarco<\/strong><\/p>\n<p>The Last Resort est le seul service de suicide accompagn\u00e9 en Suisse o\u00f9 la capsule Sarco imprim\u00e9e en 3D sera utilis\u00e9e.<\/p>\n<p>Le Sarco marque un tournant dans l&#8217;histoire de la mort et du mourir. Nous nous attendons \u00e0 ce que le Sarco fasse partie int\u00e9grante des activit\u00e9s The Last Resort.<\/p>\n<p>Conforme \u00e0 la loi suisse, le Sarco permet une mort <strong>\u00e9lective, paisible et fiable<\/strong> au moment choisi par le patient.<\/p>\n<p>Le Sarco est une option <strong>sans m\u00e9dicaments<\/strong> et sans co\u00fbts cach\u00e9s. En effet, l&#8217;utilisation du Sarco au The Last Resort est<strong> gratuite<\/strong> pour les &#8220;utilisateurs agr\u00e9\u00e9s &#8220;*.<\/p>\n<p>The Last Resort sera le <strong>seul endroit<\/strong> au monde o\u00f9 la capsule Sarco pourra \u00eatre utilis\u00e9e.<\/p>\n<p>Les avantages du Sarco sont les suivants :<\/p>\n<ul>\n<li>GRATUIT<\/li>\n<li>Sans m\u00e9dicament<\/li>\n<li>Pas de risque de vomissement<\/li>\n<li>Pas de risque de formation de tissu intraveineux (blocage)<\/li>\n<li>Le Sarco ne n\u00e9cessite pas l&#8217;intervention d&#8217;un m\u00e9decin (sauf pour l&#8217;\u00e9valuation des capacit\u00e9s mentales), ce qui \u00e9vite aux m\u00e9decins de jouer un r\u00f4le dans lequel beaucoup ne se sentent pas \u00e0 l&#8217;aise.<\/li>\n<\/ul>\n<p><strong>Les raisons de demander un suicide accompagn\u00e9 au The Last Resort peuvent \u00eatre les suivantes:<\/strong><\/p>\n<ul>\n<li>un \u00e2ge avanc\u00e9, comme celui qu&#8217;a connu le professeur britannique\/australien <a href=\"https:\/\/www.exitinternational.net\/story\/professor-david-goodall\/\">David Goodall<\/a>, \u00e2g\u00e9 de 104 ans<\/li>\n<li>les poly-pathologies de la vieillesse, comme celle de la Sud-Africaine <a href=\"https:\/\/www.exitinternational.net\/story\/laura-henkel\/\">Laura Henkel<\/a><\/li>\n<li>La maladie &#8211; grave, chronique ou terminale, pour toute personne confront\u00e9e au processus de la mort, qu&#8217;il soit lent ou rapide.<\/li>\n<li>D\u00e9mence pr\u00e9coce &#8211; tant que les capacit\u00e9s mentales sont conserv\u00e9es.<\/li>\n<\/ul>\n<p>The Last Resort n&#8217;aide pas les jeunes \u00e0 mourir, \u00e0 moins qu&#8217;ils ne souffrent d&#8217;une maladie physique grave (c&#8217;est-\u00e0-dire non psychiatrique).<\/p>\n<p>[\/et_pb_text][\/et_pb_column][\/et_pb_row][et_pb_row column_structure=&#8221;1_2,1_2&#8243; _builder_version=&#8221;4.23.1&#8243; _module_preset=&#8221;default&#8221; global_colors_info=&#8221;{}&#8221;][et_pb_column type=&#8221;1_2&#8243; _builder_version=&#8221;4.23.1&#8243; _module_preset=&#8221;default&#8221; global_colors_info=&#8221;{}&#8221;][et_pb_blurb title=&#8221;Se souvenir&#8221; use_icon=&#8221;on&#8221; font_icon=&#8221;&#xf02e;||fa||400&#8243; icon_color=&#8221;#FFFFFF&#8221; disabled_on=&#8221;on|on|off&#8221; _builder_version=&#8221;4.23.1&#8243; _module_preset=&#8221;default&#8221; header_level=&#8221;h2&#8243; header_font_size=&#8221;30px&#8221; header_line_height=&#8221;2em&#8221; background_color=&#8221;rgba(178,153,98,0.33)&#8221; height=&#8221;450px&#8221; custom_padding=&#8221;20px|20px|20px|20px|false|false&#8221; animation_style=&#8221;bounce&#8221; border_radii=&#8221;on|20px|20px|20px|20px&#8221; box_shadow_style=&#8221;preset1&#8243; global_colors_info=&#8221;{}&#8221;]<\/p>\n<p>Les principaux crit\u00e8res pour une aide \u00e0 mourir l\u00e9gale en Suisse sont les suivants:<\/p>\n<ul>\n<li>Capacit\u00e9 mentale<\/li>\n<li>Tatherrschaft&#8221; &#8211; l&#8217;exigence que l&#8217;action qui entra\u00eene la mort soit accomplie par la personne dont c&#8217;est la mort.<\/li>\n<li>Les personnes qui assistent sont altruistes dans leurs motivations.<\/li>\n<\/ul>\n<p>[\/et_pb_blurb][\/et_pb_column][et_pb_column type=&#8221;1_2&#8243; _builder_version=&#8221;4.23.1&#8243; _module_preset=&#8221;default&#8221; global_colors_info=&#8221;{}&#8221;][et_pb_blurb title=&#8221;FAQS&#8221; use_icon=&#8221;on&#8221; font_icon=&#8221;&#xf0e8;||fa||900&#8243; icon_color=&#8221;#FFFFFF&#8221; _builder_version=&#8221;4.23.1&#8243; _module_preset=&#8221;default&#8221; header_level=&#8221;h2&#8243; header_line_height=&#8221;2em&#8221; background_color=&#8221;rgba(178,153,98,0.33)&#8221; height=&#8221;450px&#8221; custom_padding=&#8221;20px|20px|20px|20px|false|false&#8221; animation_style=&#8221;bounce&#8221; border_radii=&#8221;on|20px|20px|20px|20px&#8221; box_shadow_style=&#8221;preset1&#8243; global_colors_info=&#8221;{}&#8221;]<\/p>\n<p>Pour en savoir plus sur l&#8217;organisation Last Resort et le Sarco, consultez nos FAQ.<\/p>\n<p style=\"text-align: center;\">\u00a0<a class=\"et_pb_button et-blurb-button\" href=\"\/faqs\"> Visitez la page FAQ<\/a><\/p>\n<p>[\/et_pb_blurb][\/et_pb_column][\/et_pb_row][\/et_pb_section][et_pb_section fb_built=&#8221;1&#8243; admin_label=&#8221;Divider&#8221; _builder_version=&#8221;4.23.1&#8243; _module_preset=&#8221;default&#8221; background_color=&#8221;#f3f7f0&#8243; min_height=&#8221;84px&#8221; custom_margin=&#8221;-37px|||||&#8221; custom_padding=&#8221;0px||0px|||&#8221; global_colors_info=&#8221;{}&#8221;][et_pb_row _builder_version=&#8221;4.23.1&#8243; _module_preset=&#8221;default&#8221; global_colors_info=&#8221;{}&#8221;][et_pb_column type=&#8221;4_4&#8243; _builder_version=&#8221;4.23.1&#8243; _module_preset=&#8221;default&#8221; global_colors_info=&#8221;{}&#8221;][\/et_pb_column][\/et_pb_row][\/et_pb_section][et_pb_section fb_built=&#8221;1&#8243; fullwidth=&#8221;on&#8221; _builder_version=&#8221;4.23.1&#8243; _module_preset=&#8221;default&#8221; global_colors_info=&#8221;{}&#8221;][et_pb_fullwidth_image src=&#8221;https:\/\/thelastresort.ch\/wp-content\/uploads\/2023\/12\/alpen-panorama-242c3419-bc04-4607-b8cd-739ae327717e.jpg&#8221; title_text=&#8221;alpen-panorama-242c3419-bc04-4607-b8cd-739ae327717e&#8221; _builder_version=&#8221;4.23.1&#8243; _module_preset=&#8221;default&#8221; global_colors_info=&#8221;{}&#8221;][\/et_pb_fullwidth_image][\/et_pb_section]<\/p>\n","protected":false},"excerpt":{"rendered":"<p>The Last Resort a \u00e9t\u00e9 fond\u00e9 par un petit collectif international de d\u00e9fenseurs des droits de l&#8217;homme (avec une formation en droit, en science, en m\u00e9decine et en soins de sant\u00e9) qui souhaitent diversifier (et am\u00e9liorer) le processus d&#8217;aide \u00e0 mourir en Suisse. En tant qu&#8217;\u00e9quipe \u00e0 l&#8217;origine du guide r\u00e9volutionnaire Aller en Suisse, nous [&hellip;]<\/p>\n","protected":false},"author":1,"featured_media":0,"parent":0,"menu_order":0,"comment_status":"closed","ping_status":"closed","template":"","meta":{"_et_pb_use_builder":"on","_et_pb_old_content":"","_et_gb_content_width":"","footnotes":""},"_links":{"self":[{"href":"https:\/\/www.thelastresort.ch\/francais\/wp-json\/wp\/v2\/pages\/1039"}],"collection":[{"href":"https:\/\/www.thelastresort.ch\/francais\/wp-json\/wp\/v2\/pages"}],"about":[{"href":"https:\/\/www.thelastresort.ch\/francais\/wp-json\/wp\/v2\/types\/page"}],"author":[{"embeddable":true,"href":"https:\/\/www.thelastresort.ch\/francais\/wp-json\/wp\/v2\/users\/1"}],"replies":[{"embeddable":true,"href":"https:\/\/www.thelastresort.ch\/francais\/wp-json\/wp\/v2\/comments?post=1039"}],"version-history":[{"count":46,"href":"https:\/\/www.thelastresort.ch\/francais\/wp-json\/wp\/v2\/pages\/1039\/revisions"}],"predecessor-version":[{"id":2681,"href":"https:\/\/www.thelastresort.ch\/francais\/wp-json\/wp\/v2\/pages\/1039\/revisions\/2681"}],"wp:attachment":[{"href":"https:\/\/www.thelastresort.ch\/francais\/wp-json\/wp\/v2\/media?parent=1039"}],"curies":[{"name":"wp","href":"https:\/\/api.w.org\/{rel}","templated":true}]}}