{"id":1052,"date":"2024-04-07T17:21:31","date_gmt":"2024-04-07T17:21:31","guid":{"rendered":"https:\/\/thelastresort.ch\/divi\/?page_id=1052"},"modified":"2024-08-23T10:24:42","modified_gmt":"2024-08-23T10:24:42","slug":"sarco","status":"publish","type":"page","link":"https:\/\/www.thelastresort.ch\/francais\/sarco\/","title":{"rendered":"Sarco"},"content":{"rendered":"<p>[et_pb_section fb_built=&#8221;1&#8243; admin_label=&#8221;Header&#8221; _builder_version=&#8221;4.23.1&#8243; _module_preset=&#8221;default&#8221; use_background_color_gradient=&#8221;on&#8221; background_color_gradient_stops=&#8221;rgba(0,0,0,0.7) 0%|rgba(0,0,0,0) 100%&#8221; background_color_gradient_overlays_image=&#8221;on&#8221; background_color_gradient_start=&#8221;rgba(0,0,0,0.7)&#8221; background_color_gradient_end=&#8221;rgba(0,0,0,0)&#8221; background_image=&#8221;https:\/\/thelastresort.ch\/wp-content\/uploads\/2023\/12\/alpen-panorama-242c3419-bc04-4607-b8cd-739ae327717e.jpg&#8221; background_blend=&#8221;lighten&#8221; custom_padding=&#8221;||0px||false|false&#8221; global_colors_info=&#8221;{}&#8221;][et_pb_row column_structure=&#8221;3_5,2_5&#8243; make_equal=&#8221;on&#8221; admin_label=&#8221;Row&#8221; _builder_version=&#8221;4.23.1&#8243; _module_preset=&#8221;default&#8221; z_index=&#8221;10&#8243; custom_margin=&#8221;||||false|false&#8221; custom_padding=&#8221;||5px||false|false&#8221; global_colors_info=&#8221;{}&#8221;][et_pb_column type=&#8221;3_5&#8243; _builder_version=&#8221;4.23.1&#8243; _module_preset=&#8221;default&#8221; custom_padding=&#8221;100px||||false|false&#8221; custom_padding_tablet=&#8221;0px||||false|false&#8221; custom_padding_phone=&#8221;&#8221; custom_padding_last_edited=&#8221;on|phone&#8221; global_colors_info=&#8221;{}&#8221;][et_pb_image src=&#8221;https:\/\/www.thelastresort.ch\/wp-content\/uploads\/2023\/12\/TLRWhite.png&#8221; alt=&#8221;The Last Resort&#8221; title_text=&#8221;TLRWhite&#8221; show_bottom_space=&#8221;off&#8221; disabled_on=&#8221;on|off|off&#8221; _builder_version=&#8221;4.23.1&#8243; _module_preset=&#8221;default&#8221; transform_scale=&#8221;94%|94%&#8221; transform_translate=&#8221;24px|-63px&#8221; transform_translate_linked=&#8221;off&#8221; width=&#8221;57%&#8221; custom_margin=&#8221;|-130px||||&#8221; global_colors_info=&#8221;{}&#8221;][\/et_pb_image][\/et_pb_column][et_pb_column type=&#8221;2_5&#8243; _builder_version=&#8221;4.23.1&#8243; _module_preset=&#8221;default&#8221; background_color=&#8221;rgba(178,153,98,0.6)&#8221; custom_padding=&#8221;50px|30px|50px|30px|true|true&#8221; custom_padding_tablet=&#8221;&#8221; custom_padding_phone=&#8221;50px|20px|50px|20px|true|true&#8221; custom_padding_last_edited=&#8221;on|phone&#8221; border_radii=&#8221;on|20px|20px|20px|20px&#8221; border_width_all=&#8221;2px&#8221; box_shadow_style=&#8221;preset3&#8243; box_shadow_vertical=&#8221;39px&#8221; box_shadow_blur=&#8221;74px&#8221; box_shadow_spread=&#8221;-8px&#8221; box_shadow_color=&#8221;rgba(0,0,0,0.2)&#8221; global_colors_info=&#8221;{}&#8221;][et_pb_image src=&#8221;https:\/\/thelastresort.ch\/wp-content\/uploads\/2024\/04\/CowAndNewFlag.png&#8221; title_text=&#8221;CowAndNewFlag&#8221; _builder_version=&#8221;4.23.1&#8243; _module_preset=&#8221;default&#8221; global_colors_info=&#8221;{}&#8221;][\/et_pb_image][et_pb_image src=&#8221;https:\/\/www.thelastresort.ch\/wp-content\/uploads\/2023\/12\/TLRWhite.png&#8221; alt=&#8221;The Last Resort&#8221; title_text=&#8221;TLRWhite&#8221; disabled_on=&#8221;off|on|on&#8221; _builder_version=&#8221;4.23.1&#8243; _module_preset=&#8221;default&#8221; transform_scale=&#8221;61%|61%&#8221; global_colors_info=&#8221;{}&#8221;][\/et_pb_image][\/et_pb_column][\/et_pb_row][\/et_pb_section][et_pb_section fb_built=&#8221;1&#8243; admin_label=&#8221;Categories&#8221; _builder_version=&#8221;4.23.1&#8243; _module_preset=&#8221;default&#8221; background_color=&#8221;#f3f7f0&#8243; custom_margin=&#8221;-72px||26px|||&#8221; custom_padding=&#8221;||||false|false&#8221; global_colors_info=&#8221;{}&#8221;][et_pb_row use_custom_gutter=&#8221;on&#8221; gutter_width=&#8221;1&#8243; make_equal=&#8221;on&#8221; custom_padding_last_edited=&#8221;on|desktop&#8221; _builder_version=&#8221;4.23.1&#8243; _module_preset=&#8221;default&#8221; custom_margin=&#8221;-116px|auto|23px|auto|false|false&#8221; custom_margin_tablet=&#8221;0px||10px||false|false&#8221; custom_margin_phone=&#8221;&#8221; custom_margin_last_edited=&#8221;on|tablet&#8221; custom_padding=&#8221;|340px|0px||false|false&#8221; custom_padding_tablet=&#8221;|0px|||false|false&#8221; custom_padding_phone=&#8221;&#8221; global_colors_info=&#8221;{}&#8221;][et_pb_column type=&#8221;4_4&#8243; _builder_version=&#8221;4.23.1&#8243; _module_preset=&#8221;default&#8221; background_color=&#8221;#606060&#8243; custom_padding=&#8221;40px|30px|80px|30px|false|true&#8221; custom_padding_tablet=&#8221;&#8221; custom_padding_phone=&#8221;|20px||20px|false|true&#8221; custom_padding_last_edited=&#8221;on|desktop&#8221; global_colors_info=&#8221;{}&#8221;][et_pb_heading title=&#8221;Le Sarco&#8221; _builder_version=&#8221;4.23.1&#8243; _module_preset=&#8221;default&#8221; title_text_color=&#8221;#FFFFFF&#8221; title_font_size=&#8221;76px&#8221; title_line_height=&#8221;1.5em&#8221; custom_margin=&#8221;6px||-87px||false|false&#8221; custom_padding=&#8221;0px||0px||false|false&#8221; global_colors_info=&#8221;{}&#8221;][\/et_pb_heading][\/et_pb_column][\/et_pb_row][et_pb_row column_structure=&#8221;1_3,1_3,1_3&#8243; _builder_version=&#8221;4.23.1&#8243; _module_preset=&#8221;default&#8221; transform_translate=&#8221;0px|-119px&#8221; transform_translate_linked=&#8221;off&#8221; global_colors_info=&#8221;{}&#8221;][et_pb_column type=&#8221;1_3&#8243; _builder_version=&#8221;4.23.1&#8243; _module_preset=&#8221;default&#8221; global_colors_info=&#8221;{}&#8221;][\/et_pb_column][et_pb_column type=&#8221;1_3&#8243; _builder_version=&#8221;4.23.1&#8243; _module_preset=&#8221;default&#8221; global_colors_info=&#8221;{}&#8221;][\/et_pb_column][et_pb_column type=&#8221;1_3&#8243; _builder_version=&#8221;4.23.1&#8243; _module_preset=&#8221;default&#8221; global_colors_info=&#8221;{}&#8221;][\/et_pb_column][\/et_pb_row][\/et_pb_section][et_pb_section fb_built=&#8221;1&#8243; admin_label=&#8221;Divider&#8221; _builder_version=&#8221;4.23.1&#8243; _module_preset=&#8221;default&#8221; background_color=&#8221;#f3f7f0&#8243; min_height=&#8221;84px&#8221; custom_margin=&#8221;-37px|||||&#8221; custom_padding=&#8221;0px||0px|||&#8221; global_colors_info=&#8221;{}&#8221;][et_pb_row column_structure=&#8221;1_2,1_2&#8243; _builder_version=&#8221;4.23.1&#8243; _module_preset=&#8221;default&#8221; global_colors_info=&#8221;{}&#8221;][et_pb_column type=&#8221;1_2&#8243; _builder_version=&#8221;4.23.1&#8243; _module_preset=&#8221;default&#8221; global_colors_info=&#8221;{}&#8221;][et_pb_text _builder_version=&#8221;4.23.1&#8243; _module_preset=&#8221;default&#8221; hover_enabled=&#8221;0&#8243; global_colors_info=&#8221;{}&#8221; sticky_enabled=&#8221;0&#8243;]<\/p>\n<p>The Last Resort, le Sarco repr\u00e9sente l&#8217;avenir de la mort.<\/p>\n<p>Il s&#8217;agit d&#8217;une capsule imprim\u00e9e en 3D qui donne \u00e0 l&#8217;utilisateur le contr\u00f4le ultime sur le moment de sa mort. Le Sarco fonctionne en abaissant le niveau d&#8217;oxyg\u00e8ne dans la capsule \u00e0 des niveaux mortels. La personne \u00e0 l&#8217;int\u00e9rieur respire normalement. La conscience est perdue en quelques secondes. La mort survient paisiblement quelques minutes plus tard.<\/p>\n<p>[\/et_pb_text][et_pb_testimonial portrait_url=&#8221;https:\/\/thelastresort.ch\/wp-content\/uploads\/2024\/04\/LogoOnlyCow.png&#8221; quote_icon=&#8221;off&#8221; _builder_version=&#8221;4.23.1&#8243; _module_preset=&#8221;default&#8221; use_background_color=&#8221;off&#8221; border_color_all_portrait=&#8221;RGBA(255,255,255,0)&#8221; box_shadow_style_image=&#8221;preset1&#8243; global_colors_info=&#8221;{}&#8221;]<\/p>\n<p>Le Sarco est une option paisible, fiable et sans m\u00e9dicaments pour une mort choisie et l\u00e9gale en Suisse.<\/p>\n<p>[\/et_pb_testimonial][\/et_pb_column][et_pb_column type=&#8221;1_2&#8243; _builder_version=&#8221;4.23.1&#8243; _module_preset=&#8221;default&#8221; global_colors_info=&#8221;{}&#8221;][et_pb_image src=&#8221;https:\/\/thelastresort.ch\/wp-content\/uploads\/2024\/04\/sarcoredlogotransSHADOW.png&#8221; title_text=&#8221;sarcoredlogotransSHADOW&#8221; _builder_version=&#8221;4.23.1&#8243; _module_preset=&#8221;default&#8221; global_colors_info=&#8221;{}&#8221;][\/et_pb_image][\/et_pb_column][\/et_pb_row][et_pb_row column_structure=&#8221;1_2,1_2&#8243; _builder_version=&#8221;4.23.1&#8243; _module_preset=&#8221;default&#8221; global_colors_info=&#8221;{}&#8221;][et_pb_column type=&#8221;1_2&#8243; _builder_version=&#8221;4.23.1&#8243; _module_preset=&#8221;default&#8221; global_colors_info=&#8221;{}&#8221;][et_pb_blurb title=&#8221;Histoire de Sarco&#8221; use_icon=&#8221;on&#8221; font_icon=&#8221;&#xe60d;||divi||400&#8243; icon_color=&#8221;#FFFFFF&#8221; _builder_version=&#8221;4.23.1&#8243; _module_preset=&#8221;default&#8221; header_level=&#8221;h1&#8243; header_font=&#8221;||||||||&#8221; header_text_color=&#8221;#FFFFFF&#8221; background_color=&#8221;rgba(178,152,105,0.71)&#8221; background_layout=&#8221;dark&#8221; custom_padding=&#8221;15px|15px|15px|15px|false|false&#8221; header_text_shadow_style=&#8221;preset1&#8243; border_radii=&#8221;on|10px|10px|10px|10px&#8221; border_width_all=&#8221;1px&#8221; border_color_all=&#8221;RGBA(255,255,255,0)&#8221; global_colors_info=&#8221;{}&#8221;]<\/p>\n<p>En 2012, le Dr Philip Nitschke a \u00e9t\u00e9 charg\u00e9 de mettre au point une solution technologique permettant de mettre fin \u00e0 une vie en toute l\u00e9galit\u00e9.<\/p>\n<p><a class=\"et_pb_button et-blurb-button-brown\" href=\"history\">En savoir plus<\/a><\/p>\n<p>[\/et_pb_blurb][\/et_pb_column][et_pb_column type=&#8221;1_2&#8243; _builder_version=&#8221;4.23.1&#8243; _module_preset=&#8221;default&#8221; global_colors_info=&#8221;{}&#8221;][et_pb_blurb title=&#8221;La fabrication de Sarco&#8221; use_icon=&#8221;on&#8221; font_icon=&#8221;&#xf542;||fa||900&#8243; icon_color=&#8221;#FFFFFF&#8221; admin_label=&#8221;Blurb&#8221; _builder_version=&#8221;4.23.1&#8243; _module_preset=&#8221;default&#8221; header_level=&#8221;h1&#8243; header_text_color=&#8221;#FFFFFF&#8221; background_color=&#8221;rgba(178,152,105,0.76)&#8221; background_layout=&#8221;dark&#8221; custom_padding=&#8221;15px|15px|15px|15px|false|false&#8221; header_text_shadow_style=&#8221;preset1&#8243; border_radii=&#8221;on|10px|10px|10px|10px&#8221; global_colors_info=&#8221;{}&#8221;]<\/p>\n<p>Depuis le lancement du projet Sarco en 2012, trois versions de la capsule Sarco ont \u00e9t\u00e9 produites.<\/p>\n<p><a class=\"et_pb_button et-blurb-button-brown\" href=\"making-of-sarco\">En savoir plus<\/a><\/p>\n<p>[\/et_pb_blurb][\/et_pb_column][\/et_pb_row][et_pb_row _builder_version=&#8221;4.23.1&#8243; _module_preset=&#8221;default&#8221; global_colors_info=&#8221;{}&#8221;][et_pb_column type=&#8221;4_4&#8243; _builder_version=&#8221;4.23.1&#8243; _module_preset=&#8221;default&#8221; global_colors_info=&#8221;{}&#8221;][et_pb_divider show_divider=&#8221;off&#8221; _builder_version=&#8221;4.23.1&#8243; _module_preset=&#8221;default&#8221; global_colors_info=&#8221;{}&#8221;][\/et_pb_divider][\/et_pb_column][\/et_pb_row][et_pb_row column_structure=&#8221;1_2,1_2&#8243; _builder_version=&#8221;4.23.1&#8243; _module_preset=&#8221;default&#8221; global_colors_info=&#8221;{}&#8221;][et_pb_column type=&#8221;1_2&#8243; _builder_version=&#8221;4.23.1&#8243; _module_preset=&#8221;default&#8221; global_colors_info=&#8221;{}&#8221;][et_pb_blurb title=&#8221;Test de Sarco&#8221; use_icon=&#8221;on&#8221; font_icon=&#8221;&#xf493;||fa||900&#8243; icon_color=&#8221;#FFFFFF&#8221; _builder_version=&#8221;4.23.1&#8243; _module_preset=&#8221;default&#8221; header_level=&#8221;h1&#8243; header_text_color=&#8221;#FFFFFF&#8221; background_color=&#8221;rgba(178,152,105,0.86)&#8221; background_layout=&#8221;dark&#8221; custom_padding=&#8221;15px|15px|15px|15px|false|false&#8221; header_text_shadow_style=&#8221;preset1&#8243; border_radii=&#8221;on|10px|10px|10px|10px&#8221; global_colors_info=&#8221;{}&#8221;]<\/p>\n<p>Au milieu de l&#8217;ann\u00e9e 2023, Sarco a termin\u00e9 sa premi\u00e8re s\u00e9rie d&#8217;essais d&#8217;instruments techniques \u00e0 Rotterdam, aux Pays-Bas.<\/p>\n<p><a class=\"et_pb_button et-blurb-button-brown\" href=\"testing\">En savoir plus<\/a><\/p>\n<p>[\/et_pb_blurb][\/et_pb_column][et_pb_column type=&#8221;1_2&#8243; _builder_version=&#8221;4.23.1&#8243; _module_preset=&#8221;default&#8221; global_colors_info=&#8221;{}&#8221;][et_pb_blurb title=&#8221;Fonctionnement de Sarco&#8221; use_icon=&#8221;on&#8221; font_icon=&#8221;&#xe038;||divi||400&#8243; icon_color=&#8221;#FFFFFF&#8221; _builder_version=&#8221;4.23.1&#8243; _module_preset=&#8221;default&#8221; header_level=&#8221;h1&#8243; header_text_color=&#8221;#FFFFFF&#8221; background_color=&#8221;rgba(178,152,105,0.86)&#8221; background_layout=&#8221;dark&#8221; custom_padding=&#8221;15px|15px|15px|15px|false|false&#8221; header_text_shadow_style=&#8221;preset1&#8243; border_radii=&#8221;on|10px|10px|10px|10px&#8221; global_colors_info=&#8221;{}&#8221;]<\/p>\n<p>Le Sarco cr\u00e9e un environnement \u00e0 faible teneur en oxyg\u00e8ne et en dioxyde de carbone gr\u00e2ce \u00e0 l&#8217;utilisation d&#8217;azote liquide.<\/p>\n<p><a class=\"et_pb_button et-blurb-button-brown\" href=\"operation\">En savoir plus<\/a><\/p>\n<p>[\/et_pb_blurb][\/et_pb_column][\/et_pb_row][et_pb_row _builder_version=&#8221;4.23.1&#8243; _module_preset=&#8221;default&#8221; global_colors_info=&#8221;{}&#8221;][et_pb_column type=&#8221;4_4&#8243; _builder_version=&#8221;4.23.1&#8243; _module_preset=&#8221;default&#8221; global_colors_info=&#8221;{}&#8221;][et_pb_image src=&#8221;https:\/\/thelastresort.ch\/wp-content\/uploads\/2024\/04\/sarco2-trans.png&#8221; title_text=&#8221;sarco2-trans&#8221; align=&#8221;center&#8221; force_fullwidth=&#8221;on&#8221; _builder_version=&#8221;4.23.1&#8243; _module_preset=&#8221;default&#8221; global_colors_info=&#8221;{}&#8221;][\/et_pb_image][\/et_pb_column][\/et_pb_row][\/et_pb_section][et_pb_section fb_built=&#8221;1&#8243; fullwidth=&#8221;on&#8221; _builder_version=&#8221;4.23.1&#8243; _module_preset=&#8221;default&#8221; background_video_mp4=&#8221;https:\/\/thelastresort.ch\/wp-content\/uploads\/2024\/04\/snowyField.mp4&#8243; min_height=&#8221;500px&#8221; global_colors_info=&#8221;{}&#8221;][\/et_pb_section]<\/p>\n","protected":false},"excerpt":{"rendered":"<p>The Last Resort, le Sarco repr\u00e9sente l&#8217;avenir de la mort. Il s&#8217;agit d&#8217;une capsule imprim\u00e9e en 3D qui donne \u00e0 l&#8217;utilisateur le contr\u00f4le ultime sur le moment de sa mort. Le Sarco fonctionne en abaissant le niveau d&#8217;oxyg\u00e8ne dans la capsule \u00e0 des niveaux mortels. La personne \u00e0 l&#8217;int\u00e9rieur respire normalement. La conscience est perdue [&hellip;]<\/p>\n","protected":false},"author":1,"featured_media":0,"parent":0,"menu_order":0,"comment_status":"closed","ping_status":"closed","template":"","meta":{"_et_pb_use_builder":"on","_et_pb_old_content":"","_et_gb_content_width":"","footnotes":""},"_links":{"self":[{"href":"https:\/\/www.thelastresort.ch\/francais\/wp-json\/wp\/v2\/pages\/1052"}],"collection":[{"href":"https:\/\/www.thelastresort.ch\/francais\/wp-json\/wp\/v2\/pages"}],"about":[{"href":"https:\/\/www.thelastresort.ch\/francais\/wp-json\/wp\/v2\/types\/page"}],"author":[{"embeddable":true,"href":"https:\/\/www.thelastresort.ch\/francais\/wp-json\/wp\/v2\/users\/1"}],"replies":[{"embeddable":true,"href":"https:\/\/www.thelastresort.ch\/francais\/wp-json\/wp\/v2\/comments?post=1052"}],"version-history":[{"count":47,"href":"https:\/\/www.thelastresort.ch\/francais\/wp-json\/wp\/v2\/pages\/1052\/revisions"}],"predecessor-version":[{"id":2684,"href":"https:\/\/www.thelastresort.ch\/francais\/wp-json\/wp\/v2\/pages\/1052\/revisions\/2684"}],"wp:attachment":[{"href":"https:\/\/www.thelastresort.ch\/francais\/wp-json\/wp\/v2\/media?parent=1052"}],"curies":[{"name":"wp","href":"https:\/\/api.w.org\/{rel}","templated":true}]}}