{"id":1586,"date":"2024-04-26T10:12:02","date_gmt":"2024-04-26T10:12:02","guid":{"rendered":"https:\/\/thelastresort.ch\/divi\/?page_id=1586"},"modified":"2024-08-23T10:35:17","modified_gmt":"2024-08-23T10:35:17","slug":"plans","status":"publish","type":"page","link":"https:\/\/www.thelastresort.ch\/francais\/sarco\/plans\/","title":{"rendered":"Plans"},"content":{"rendered":"<p>[et_pb_section fb_built=&#8221;1&#8243; admin_label=&#8221;Header&#8221; _builder_version=&#8221;4.23.1&#8243; _module_preset=&#8221;default&#8221; use_background_color_gradient=&#8221;on&#8221; background_color_gradient_stops=&#8221;rgba(0,0,0,0.7) 0%|rgba(0,0,0,0) 100%&#8221; background_color_gradient_overlays_image=&#8221;on&#8221; background_color_gradient_start=&#8221;rgba(0,0,0,0.7)&#8221; background_color_gradient_end=&#8221;rgba(0,0,0,0)&#8221; background_image=&#8221;https:\/\/thelastresort.ch\/wp-content\/uploads\/2023\/12\/alpen-panorama-242c3419-bc04-4607-b8cd-739ae327717e.jpg&#8221; background_blend=&#8221;lighten&#8221; custom_padding=&#8221;||0px||false|false&#8221; global_colors_info=&#8221;{}&#8221;][et_pb_row column_structure=&#8221;3_5,2_5&#8243; make_equal=&#8221;on&#8221; admin_label=&#8221;Row&#8221; _builder_version=&#8221;4.23.1&#8243; _module_preset=&#8221;default&#8221; z_index=&#8221;10&#8243; custom_margin=&#8221;||||false|false&#8221; custom_padding=&#8221;||5px||false|false&#8221; global_colors_info=&#8221;{}&#8221;][et_pb_column type=&#8221;3_5&#8243; _builder_version=&#8221;4.23.1&#8243; _module_preset=&#8221;default&#8221; custom_padding=&#8221;100px||||false|false&#8221; custom_padding_tablet=&#8221;0px||||false|false&#8221; custom_padding_phone=&#8221;&#8221; custom_padding_last_edited=&#8221;on|phone&#8221; global_colors_info=&#8221;{}&#8221;][et_pb_image src=&#8221;https:\/\/www.thelastresort.ch\/wp-content\/uploads\/2023\/12\/TLRWhite.png&#8221; alt=&#8221;The Last Resort&#8221; title_text=&#8221;TLRWhite&#8221; show_bottom_space=&#8221;off&#8221; disabled_on=&#8221;on|off|off&#8221; _builder_version=&#8221;4.23.1&#8243; _module_preset=&#8221;default&#8221; transform_scale=&#8221;94%|94%&#8221; transform_translate=&#8221;24px|-63px&#8221; transform_translate_linked=&#8221;off&#8221; width=&#8221;57%&#8221; custom_margin=&#8221;|-130px||||&#8221; global_colors_info=&#8221;{}&#8221;][\/et_pb_image][\/et_pb_column][et_pb_column type=&#8221;2_5&#8243; _builder_version=&#8221;4.23.1&#8243; _module_preset=&#8221;default&#8221; background_color=&#8221;rgba(178,153,98,0.66)&#8221; custom_padding=&#8221;50px|30px|50px|30px|true|true&#8221; custom_padding_tablet=&#8221;&#8221; custom_padding_phone=&#8221;50px|20px|50px|20px|true|true&#8221; custom_padding_last_edited=&#8221;on|phone&#8221; border_radii=&#8221;on|20px|20px|20px|20px&#8221; border_width_all=&#8221;2px&#8221; box_shadow_style=&#8221;preset3&#8243; box_shadow_vertical=&#8221;39px&#8221; box_shadow_blur=&#8221;74px&#8221; box_shadow_spread=&#8221;-8px&#8221; box_shadow_color=&#8221;rgba(0,0,0,0.2)&#8221; global_colors_info=&#8221;{}&#8221;][et_pb_image src=&#8221;https:\/\/thelastresort.ch\/wp-content\/uploads\/2024\/04\/CowAndNewFlag.png&#8221; title_text=&#8221;CowAndNewFlag&#8221; _builder_version=&#8221;4.23.1&#8243; _module_preset=&#8221;default&#8221; global_colors_info=&#8221;{}&#8221;][\/et_pb_image][et_pb_image src=&#8221;https:\/\/www.thelastresort.ch\/wp-content\/uploads\/2023\/12\/TLRWhite.png&#8221; alt=&#8221;The Last Resort&#8221; title_text=&#8221;TLRWhite&#8221; disabled_on=&#8221;off|on|on&#8221; _builder_version=&#8221;4.23.1&#8243; _module_preset=&#8221;default&#8221; transform_scale=&#8221;61%|61%&#8221; global_colors_info=&#8221;{}&#8221;][\/et_pb_image][\/et_pb_column][\/et_pb_row][\/et_pb_section][et_pb_section fb_built=&#8221;1&#8243; admin_label=&#8221;Categories&#8221; _builder_version=&#8221;4.23.1&#8243; _module_preset=&#8221;default&#8221; background_color=&#8221;#f3f7f0&#8243; custom_margin=&#8221;-72px||26px|||&#8221; custom_padding=&#8221;||||false|false&#8221; global_colors_info=&#8221;{}&#8221;][et_pb_row use_custom_gutter=&#8221;on&#8221; gutter_width=&#8221;1&#8243; make_equal=&#8221;on&#8221; custom_padding_last_edited=&#8221;on|desktop&#8221; _builder_version=&#8221;4.23.1&#8243; _module_preset=&#8221;default&#8221; custom_margin=&#8221;-116px|auto|23px|auto|false|false&#8221; custom_margin_tablet=&#8221;0px||10px||false|false&#8221; custom_margin_phone=&#8221;&#8221; custom_margin_last_edited=&#8221;on|tablet&#8221; custom_padding=&#8221;|340px|0px||false|false&#8221; custom_padding_tablet=&#8221;|0px|||false|false&#8221; custom_padding_phone=&#8221;&#8221; global_colors_info=&#8221;{}&#8221;][et_pb_column type=&#8221;4_4&#8243; _builder_version=&#8221;4.23.1&#8243; _module_preset=&#8221;default&#8221; background_color=&#8221;#606060&#8243; custom_padding=&#8221;40px|30px|80px|30px|false|true&#8221; custom_padding_tablet=&#8221;&#8221; custom_padding_phone=&#8221;|20px||20px|false|true&#8221; custom_padding_last_edited=&#8221;on|desktop&#8221; global_colors_info=&#8221;{}&#8221;][et_pb_heading title=&#8221;Plans&#8221; _builder_version=&#8221;4.23.1&#8243; _module_preset=&#8221;default&#8221; title_text_color=&#8221;#FFFFFF&#8221; title_font_size=&#8221;60px&#8221; title_line_height=&#8221;1.5em&#8221; custom_margin=&#8221;6px||-87px||false|false&#8221; custom_padding=&#8221;0px||0px||false|false&#8221; global_colors_info=&#8221;{}&#8221;][\/et_pb_heading][\/et_pb_column][\/et_pb_row][et_pb_row column_structure=&#8221;1_3,1_3,1_3&#8243; _builder_version=&#8221;4.23.1&#8243; _module_preset=&#8221;default&#8221; transform_translate=&#8221;0px|-119px&#8221; transform_translate_linked=&#8221;off&#8221; global_colors_info=&#8221;{}&#8221;][et_pb_column type=&#8221;1_3&#8243; _builder_version=&#8221;4.23.1&#8243; _module_preset=&#8221;default&#8221; global_colors_info=&#8221;{}&#8221;][\/et_pb_column][et_pb_column type=&#8221;1_3&#8243; _builder_version=&#8221;4.23.1&#8243; _module_preset=&#8221;default&#8221; global_colors_info=&#8221;{}&#8221;][\/et_pb_column][et_pb_column type=&#8221;1_3&#8243; _builder_version=&#8221;4.23.1&#8243; _module_preset=&#8221;default&#8221; global_colors_info=&#8221;{}&#8221;][\/et_pb_column][\/et_pb_row][et_pb_row column_structure=&#8221;1_2,1_2&#8243; use_custom_gutter=&#8221;on&#8221; gutter_width=&#8221;1&#8243; _builder_version=&#8221;4.23.1&#8243; _module_preset=&#8221;default&#8221; transform_translate=&#8221;0px|-84px&#8221; transform_translate_linked=&#8221;off&#8221; global_colors_info=&#8221;{}&#8221;][et_pb_column type=&#8221;1_2&#8243; _builder_version=&#8221;4.23.1&#8243; _module_preset=&#8221;default&#8221; transform_scale_linked=&#8221;off&#8221; custom_css_main_element=&#8221;width: 67.5%!important;&#8221; global_colors_info=&#8221;{}&#8221;][et_pb_text _builder_version=&#8221;4.23.1&#8243; _module_preset=&#8221;default&#8221; custom_margin=&#8221;150px||||false|false&#8221; custom_padding=&#8221;24px||0px|||&#8221; global_colors_info=&#8221;{}&#8221;]<\/p>\n<p>Les plans de l&#8217;impression 3D du Sarco seront publi\u00e9s en temps voulu dans le guide de fin de vie, Pilule Douce: Le manuel.\u00a0<\/p>\n<p>L&#8217;auteur principal de ce livre est le Dr Philip Nitschke PhD MD.<\/p>\n<p>Physicien de formation, Philip s&#8217;est tourn\u00e9 vers la m\u00e9decine dans la trentaine et a obtenu son dipl\u00f4me \u00e0 l&#8217;\u00e9cole de m\u00e9decine de Sydney en 1988.<\/p>\n<p>Le Dr Nitschke est l&#8217;inventeur du Sarco. Son co-auteur est le Dr Fiona Stewart, sociologue et avocate australo-n\u00e9erlandaise.<\/p>\n<p>[\/et_pb_text][\/et_pb_column][et_pb_column type=&#8221;1_2&#8243; _builder_version=&#8221;4.23.1&#8243; _module_preset=&#8221;default&#8221; custom_css_main_element=&#8221;width: 30%!important;&#8221; global_colors_info=&#8221;{}&#8221;][et_pb_image src=&#8221;https:\/\/thelastresort.ch\/wp-content\/uploads\/2024\/04\/skew_print_essentials.png&#8221; title_text=&#8221;skew_print_essentials&#8221; _builder_version=&#8221;4.23.1&#8243; _module_preset=&#8221;default&#8221; custom_margin=&#8221;150px||||false|false&#8221; global_colors_info=&#8221;{}&#8221;][\/et_pb_image][\/et_pb_column][\/et_pb_row][et_pb_row column_structure=&#8221;1_3,1_3,1_3&#8243; _builder_version=&#8221;4.23.1&#8243; _module_preset=&#8221;default&#8221; custom_margin=&#8221;||0px||false|false&#8221; custom_padding=&#8221;||25px||false|false&#8221; global_colors_info=&#8221;{}&#8221;][et_pb_column type=&#8221;1_3&#8243; _builder_version=&#8221;4.23.1&#8243; _module_preset=&#8221;default&#8221; global_colors_info=&#8221;{}&#8221;][et_pb_blurb title=&#8221;Pilule Douce&#8221; use_icon=&#8221;on&#8221; font_icon=&#8221;&#xf02d;||fa||900&#8243; icon_color=&#8221;#FFFFFF&#8221; _builder_version=&#8221;4.23.1&#8243; _module_preset=&#8221;default&#8221; header_level=&#8221;h1&#8243; header_font=&#8221;||||||||&#8221; header_text_color=&#8221;#FFFFFF&#8221; background_color=&#8221;rgba(178,152,105,0.71)&#8221; background_layout=&#8221;dark&#8221; custom_padding=&#8221;15px|15px|15px|15px|false|false&#8221; header_text_shadow_style=&#8221;preset1&#8243; border_radii=&#8221;on|10px|10px|10px|10px&#8221; border_width_all=&#8221;1px&#8221; border_color_all=&#8221;RGBA(255,255,255,0)&#8221; global_colors_info=&#8221;{}&#8221;]<\/p>\n<p>Le manuel \u00e9lectronique de la &#8220;Pilule Douce: Le manuel&#8221; est r\u00e9guli\u00e8rement mis \u00e0 jour pour fournir les derni\u00e8res informations pratiques sur l&#8217;aide volontaire \u00e0 mourir et l&#8217;euthanasie pour les personnes \u00e2g\u00e9es, les personnes gravement malades et leur famille\/amis.<\/p>\n<p><a class=\"et_pb_button et-blurb-button-brown\" href=\"https:\/\/www.peacefulpillhandbook.com\/francais\/\" rel=\"noopener\">Plus d&#8217;informations<\/a><\/p>\n<div id=\"gtx-trans\" style=\"position: absolute; left: 40px; top: 126px;\">\n<div class=\"gtx-trans-icon\">\u00a0<\/div>\n<\/div>\n<p>[\/et_pb_blurb][\/et_pb_column][et_pb_column type=&#8221;1_3&#8243; _builder_version=&#8221;4.23.1&#8243; _module_preset=&#8221;default&#8221; global_colors_info=&#8221;{}&#8221;][et_pb_blurb title=&#8221;Exit International&#8221; use_icon=&#8221;on&#8221; font_icon=&#8221;&#xf518;||fa||900&#8243; icon_color=&#8221;#FFFFFF&#8221; _builder_version=&#8221;4.23.1&#8243; _module_preset=&#8221;default&#8221; header_level=&#8221;h1&#8243; header_font=&#8221;||||||||&#8221; header_text_color=&#8221;#FFFFFF&#8221; background_color=&#8221;rgba(178,152,105,0.71)&#8221; background_layout=&#8221;dark&#8221; custom_padding=&#8221;15px|15px|15px|15px|false|false&#8221; header_text_shadow_style=&#8221;preset1&#8243; border_radii=&#8221;on|10px|10px|10px|10px&#8221; border_width_all=&#8221;1px&#8221; border_color_all=&#8221;RGBA(255,255,255,0)&#8221; global_colors_info=&#8221;{}&#8221;]<\/p>\n<p>Exit International est l&#8217;organisation mondiale des choix de fin de vie, fond\u00e9e en 1997 \u00e0 Darwin, en Australie, apr\u00e8s que la premi\u00e8re loi au monde &#8211; The Rights of the Terminally Ill Act &#8211; a \u00e9t\u00e9 annul\u00e9e.<\/p>\n<p><a class=\"et_pb_button et-blurb-button-brown\" href=\"https:\/\/www.exitinternational.net\/\" rel=\"noopener\">Plus d&#8217;informations<\/a><\/p>\n<p>[\/et_pb_blurb][\/et_pb_column][et_pb_column type=&#8221;1_3&#8243; _builder_version=&#8221;4.23.1&#8243; _module_preset=&#8221;default&#8221; global_colors_info=&#8221;{}&#8221;][et_pb_blurb title=&#8221;Aller en Suisse&#8221; use_icon=&#8221;on&#8221; font_icon=&#8221;&#xe086;||divi||400&#8243; icon_color=&#8221;#FFFFFF&#8221; _builder_version=&#8221;4.23.1&#8243; _module_preset=&#8221;default&#8221; header_level=&#8221;h1&#8243; header_font=&#8221;||||||||&#8221; header_text_color=&#8221;#FFFFFF&#8221; background_color=&#8221;rgba(178,152,105,0.71)&#8221; background_layout=&#8221;dark&#8221; custom_padding=&#8221;15px|15px|15px|17px|false|false&#8221; hover_enabled=&#8221;0&#8243; header_text_shadow_style=&#8221;preset1&#8243; border_radii=&#8221;on|10px|10px|10px|10px&#8221; border_width_all=&#8221;1px&#8221; border_color_all=&#8221;RGBA(255,255,255,0)&#8221; global_colors_info=&#8221;{}&#8221; sticky_enabled=&#8221;0&#8243;]<\/p>\n<p>&#8220;Aller en Suisse: Comment organiser son dernier voyage&#8221; est un guide pratique pour aider les \u00e9trangers \u00e0 planifier un suicide accompagn\u00e9 en Suisse. Le livre est propos\u00e9 sous la forme d&#8217;un abonnement de 24 mois avec des mises \u00e0 jour r\u00e9guli\u00e8res. Aucune condition d&#8217;\u00e2ge n&#8217;est requise.<\/p>\n<p><a class=\"et_pb_button et-blurb-button-brown\" href=\"https:\/\/www.peacefulpillhandbook.com\/store\/produit\/suisse\/?lang=fr\" rel=\"noopener\">Plus d&#8217;informations<\/a><\/p>\n<p>[\/et_pb_blurb][\/et_pb_column][\/et_pb_row][\/et_pb_section][et_pb_section fb_built=&#8221;1&#8243; fullwidth=&#8221;on&#8221; _builder_version=&#8221;4.23.1&#8243; _module_preset=&#8221;default&#8221; background_video_mp4=&#8221;https:\/\/thelastresort.ch\/wp-content\/uploads\/2024\/04\/snowyField.mp4&#8243; height=&#8221;500px&#8221; filter_sepia=&#8221;51%&#8221; global_colors_info=&#8221;{}&#8221;][\/et_pb_section]<\/p>\n","protected":false},"excerpt":{"rendered":"<p>Les plans de l&#8217;impression 3D du Sarco seront publi\u00e9s en temps voulu dans le guide de fin de vie, Pilule Douce: Le manuel.\u00a0 L&#8217;auteur principal de ce livre est le Dr Philip Nitschke PhD MD. Physicien de formation, Philip s&#8217;est tourn\u00e9 vers la m\u00e9decine dans la trentaine et a obtenu son dipl\u00f4me \u00e0 l&#8217;\u00e9cole de [&hellip;]<\/p>\n","protected":false},"author":1,"featured_media":0,"parent":1052,"menu_order":0,"comment_status":"closed","ping_status":"closed","template":"","meta":{"_et_pb_use_builder":"on","_et_pb_old_content":"","_et_gb_content_width":"","footnotes":""},"_links":{"self":[{"href":"https:\/\/www.thelastresort.ch\/francais\/wp-json\/wp\/v2\/pages\/1586"}],"collection":[{"href":"https:\/\/www.thelastresort.ch\/francais\/wp-json\/wp\/v2\/pages"}],"about":[{"href":"https:\/\/www.thelastresort.ch\/francais\/wp-json\/wp\/v2\/types\/page"}],"author":[{"embeddable":true,"href":"https:\/\/www.thelastresort.ch\/francais\/wp-json\/wp\/v2\/users\/1"}],"replies":[{"embeddable":true,"href":"https:\/\/www.thelastresort.ch\/francais\/wp-json\/wp\/v2\/comments?post=1586"}],"version-history":[{"count":21,"href":"https:\/\/www.thelastresort.ch\/francais\/wp-json\/wp\/v2\/pages\/1586\/revisions"}],"predecessor-version":[{"id":2696,"href":"https:\/\/www.thelastresort.ch\/francais\/wp-json\/wp\/v2\/pages\/1586\/revisions\/2696"}],"up":[{"embeddable":true,"href":"https:\/\/www.thelastresort.ch\/francais\/wp-json\/wp\/v2\/pages\/1052"}],"wp:attachment":[{"href":"https:\/\/www.thelastresort.ch\/francais\/wp-json\/wp\/v2\/media?parent=1586"}],"curies":[{"name":"wp","href":"https:\/\/api.w.org\/{rel}","templated":true}]}}