{"id":1759,"date":"2024-04-28T15:50:43","date_gmt":"2024-04-28T15:50:43","guid":{"rendered":"https:\/\/www.thelastresort.ch\/?page_id=1759"},"modified":"2024-08-23T11:04:47","modified_gmt":"2024-08-23T11:04:47","slug":"privacy","status":"publish","type":"page","link":"https:\/\/www.thelastresort.ch\/francais\/privacy\/","title":{"rendered":"Privacy"},"content":{"rendered":"<p>[et_pb_section fb_built=&#8221;1&#8243; admin_label=&#8221;Header&#8221; _builder_version=&#8221;4.23.1&#8243; _module_preset=&#8221;default&#8221; use_background_color_gradient=&#8221;on&#8221; background_color_gradient_stops=&#8221;rgba(0,0,0,0.7) 0%|rgba(0,0,0,0) 100%&#8221; background_color_gradient_overlays_image=&#8221;on&#8221; background_color_gradient_start=&#8221;rgba(0,0,0,0.7)&#8221; background_color_gradient_end=&#8221;rgba(0,0,0,0)&#8221; background_image=&#8221;https:\/\/thelastresort.ch\/wp-content\/uploads\/2023\/12\/alpen-panorama-242c3419-bc04-4607-b8cd-739ae327717e.jpg&#8221; background_blend=&#8221;lighten&#8221; custom_padding=&#8221;||0px||false|false&#8221; global_colors_info=&#8221;{}&#8221;][et_pb_row column_structure=&#8221;3_5,2_5&#8243; make_equal=&#8221;on&#8221; admin_label=&#8221;Row&#8221; _builder_version=&#8221;4.23.1&#8243; _module_preset=&#8221;default&#8221; z_index=&#8221;10&#8243; custom_margin=&#8221;||||false|false&#8221; custom_padding=&#8221;||5px||false|false&#8221; global_colors_info=&#8221;{}&#8221;][et_pb_column type=&#8221;3_5&#8243; _builder_version=&#8221;4.23.1&#8243; _module_preset=&#8221;default&#8221; custom_padding=&#8221;100px||||false|false&#8221; custom_padding_tablet=&#8221;0px||||false|false&#8221; custom_padding_phone=&#8221;&#8221; custom_padding_last_edited=&#8221;on|phone&#8221; global_colors_info=&#8221;{}&#8221;][et_pb_image src=&#8221;https:\/\/www.thelastresort.ch\/wp-content\/uploads\/2023\/12\/TLRWhite.png&#8221; alt=&#8221;The Last Resort&#8221; title_text=&#8221;TLRWhite&#8221; show_bottom_space=&#8221;off&#8221; disabled_on=&#8221;on|off|off&#8221; _builder_version=&#8221;4.23.1&#8243; _module_preset=&#8221;default&#8221; transform_scale=&#8221;94%|94%&#8221; transform_translate=&#8221;24px|-63px&#8221; transform_translate_linked=&#8221;off&#8221; width=&#8221;57%&#8221; custom_margin=&#8221;|-130px||||&#8221; global_colors_info=&#8221;{}&#8221;][\/et_pb_image][\/et_pb_column][et_pb_column type=&#8221;2_5&#8243; _builder_version=&#8221;4.23.1&#8243; _module_preset=&#8221;default&#8221; background_color=&#8221;rgba(178,151,94,0.69)&#8221; custom_padding=&#8221;50px|30px|50px|30px|true|true&#8221; custom_padding_tablet=&#8221;&#8221; custom_padding_phone=&#8221;50px|20px|50px|20px|true|true&#8221; custom_padding_last_edited=&#8221;on|phone&#8221; border_radii=&#8221;on|20px|20px|20px|20px&#8221; border_width_all=&#8221;2px&#8221; box_shadow_style=&#8221;preset3&#8243; box_shadow_vertical=&#8221;39px&#8221; box_shadow_blur=&#8221;74px&#8221; box_shadow_spread=&#8221;-8px&#8221; box_shadow_color=&#8221;rgba(0,0,0,0.2)&#8221; global_colors_info=&#8221;{}&#8221;][et_pb_image src=&#8221;https:\/\/thelastresort.ch\/wp-content\/uploads\/2024\/04\/CowAndNewFlag.png&#8221; title_text=&#8221;CowAndNewFlag&#8221; _builder_version=&#8221;4.23.1&#8243; _module_preset=&#8221;default&#8221; global_colors_info=&#8221;{}&#8221;][\/et_pb_image][et_pb_image src=&#8221;https:\/\/www.thelastresort.ch\/wp-content\/uploads\/2023\/12\/TLRWhite.png&#8221; alt=&#8221;The Last Resort&#8221; title_text=&#8221;TLRWhite&#8221; disabled_on=&#8221;off|on|on&#8221; _builder_version=&#8221;4.23.1&#8243; _module_preset=&#8221;default&#8221; transform_scale=&#8221;61%|61%&#8221; custom_padding=&#8221;||0px|||&#8221; global_colors_info=&#8221;{}&#8221;][\/et_pb_image][\/et_pb_column][\/et_pb_row][\/et_pb_section][et_pb_section fb_built=&#8221;1&#8243; admin_label=&#8221;Categories&#8221; _builder_version=&#8221;4.23.1&#8243; _module_preset=&#8221;default&#8221; background_color=&#8221;#f3f7f0&#8243; custom_margin=&#8221;-72px||26px|||&#8221; custom_padding=&#8221;||||false|false&#8221; global_colors_info=&#8221;{}&#8221;][et_pb_row use_custom_gutter=&#8221;on&#8221; gutter_width=&#8221;1&#8243; make_equal=&#8221;on&#8221; custom_padding_last_edited=&#8221;on|desktop&#8221; _builder_version=&#8221;4.23.1&#8243; _module_preset=&#8221;default&#8221; height=&#8221;161px&#8221; custom_margin=&#8221;-116px|auto|23px|auto|false|false&#8221; custom_margin_tablet=&#8221;0px||||false|false&#8221; custom_margin_phone=&#8221;&#8221; custom_margin_last_edited=&#8221;on|tablet&#8221; custom_padding=&#8221;|340px|0px||false|false&#8221; custom_padding_tablet=&#8221;|0px|||false|false&#8221; custom_padding_phone=&#8221;&#8221; global_colors_info=&#8221;{}&#8221;][et_pb_column type=&#8221;4_4&#8243; _builder_version=&#8221;4.23.1&#8243; _module_preset=&#8221;default&#8221; background_color=&#8221;#606060&#8243; custom_padding=&#8221;40px|30px|80px|30px|false|true&#8221; custom_padding_tablet=&#8221;&#8221; custom_padding_phone=&#8221;|20px||20px|false|true&#8221; custom_padding_last_edited=&#8221;on|desktop&#8221; global_colors_info=&#8221;{}&#8221;][et_pb_heading title=&#8221;Politique de confidentialit\u00e9&#8221; _builder_version=&#8221;4.23.1&#8243; _module_preset=&#8221;default&#8221; title_text_color=&#8221;#FFFFFF&#8221; title_font_size=&#8221;41px&#8221; title_line_height=&#8221;1.5em&#8221; height=&#8221;425px&#8221; custom_margin=&#8221;6px||-45px||false|false&#8221; custom_padding=&#8221;0px||0px||false|false&#8221; hover_enabled=&#8221;0&#8243; global_colors_info=&#8221;{}&#8221; sticky_enabled=&#8221;0&#8243;][\/et_pb_heading][\/et_pb_column][\/et_pb_row][et_pb_row _builder_version=&#8221;4.23.1&#8243; _module_preset=&#8221;default&#8221; global_colors_info=&#8221;{}&#8221;][et_pb_column type=&#8221;4_4&#8243; _builder_version=&#8221;4.23.1&#8243; _module_preset=&#8221;default&#8221; global_colors_info=&#8221;{}&#8221;][et_pb_text _builder_version=&#8221;4.23.1&#8243; _module_preset=&#8221;default&#8221; custom_padding=&#8221;24px||0px|||&#8221; global_colors_info=&#8221;{}&#8221;]<\/p>\n<p><strong>G\u00e9n\u00e9ral<\/strong><\/p>\n<p>La pr\u00e9sente politique d\u00e9finit la mani\u00e8re dont TheLast Resort g\u00e8re les informations qu&#8217;il recueille aupr\u00e8s de vous.<\/p>\n<p>The Last Resort est li\u00e9 par la loi suisse sur la protection des donn\u00e9es et est conforme au r\u00e8glement g\u00e9n\u00e9ral sur la protection des donn\u00e9es (RGPD) (en vigueur le 25 mai 2018).<\/p>\n<p><strong>Informations collect\u00e9es par The Last Resort<\/strong><\/p>\n<p>The Last Resort collecte des informations personnelles instigu\u00e9es par les utilisateurs du site \u00e0 leur demande. Les donn\u00e9es collect\u00e9es sont limit\u00e9es \u00e0 ce qui inclut (sans s&#8217;y limiter) votre nom, votre adresse, vos coordonn\u00e9es, votre sexe, votre \u00e2ge, votre profession.<\/p>\n<p>The Last Resort ne recueille ces informations que lorsque vous faites une demande d&#8217;abonnement en ligne \u00e0 The Last Resort ou lorsque vous vous abonnez \u00e0 notre lettre d&#8217;information gratuite par e-mail.<\/p>\n<p><strong>Utilisation et divulgation des informations collect\u00e9es par The Last Resort<\/strong><\/p>\n<p>The Last Resort n&#8217;utilise PAS ces informations pour d&#8217;autres raisons que pour communiquer avec vous au sujet des activit\u00e9s du The Last Resort.<\/p>\n<p><strong>Ces activit\u00e9s comprennent<\/strong><\/p>\n<ul>\n<li>L&#8217;envoi par courrier ou par email de notre lettre d&#8217;information occasionnelle<\/li>\n<li>Toute autre correspondance concernant les demandes d&#8217;adh\u00e9sion, les abonnements et les activit\u00e9s du The Last Resort<\/li>\n<\/ul>\n<p><strong>Stockage et s\u00e9curit\u00e9 de vos informations<\/strong><\/p>\n<p>The Last Resort maintient une base de donn\u00e9es s\u00e9curis\u00e9e, g\u00e9r\u00e9e par mot de passe, pour ses abonnements de supporters, ses demandes de l&#8217;aide volontaire \u00e0 mourir et ses enregistrements d&#8217;achats. The Last Resort utilise diverses technologies pour emp\u00eacher, dans la mesure du possible, tout acc\u00e8s non autoris\u00e9, toute modification ou toute divulgation de vos informations.<\/p>\n<p>Vos donn\u00e9es peuvent \u00e9galement \u00eatre stock\u00e9es sur des services de commerce \u00e9lectronique tels que Stripe et Godaddy. Chacun de ces services offre une s\u00e9curit\u00e9 int\u00e9gr\u00e9e. Google Analytics peut \u00e9galement utiliser les donn\u00e9es agr\u00e9g\u00e9es que vous avez fournies dans le but de permettre \u00e0 The Last Resort de mieux comprendre, g\u00e9rer et planifier le trafic sur le site Internet.<\/p>\n<p><strong>Acc\u00e8s \u00e0 vos informations<\/strong><\/p>\n<p>Vous pouvez acc\u00e9der \u00e0 vos informations sur simple demande \u00e9crite. Cette demande ou toute question concernant la politique de confidentialit\u00e9 de The Last Resort doit \u00eatre envoy\u00e9e \u00e0 <a href=\"mailto:contact@thelastresort.ch\">contact@thelastresort.ch<\/a>.<\/p>\n<p>The Last Resort s&#8217;efforcera de traiter votre demande ou votre requ\u00eate dans les meilleurs d\u00e9lais.<\/p>\n<p><strong>Mise \u00e0 jour de vos informations<\/strong><\/p>\n<p>Si vos informations changent, veuillez contacter The Last Resort et The Last Resort s&#8217;efforcera de mettre \u00e0 jour et de corriger les informations. The Last Resort peut \u00e9galement vous contacter de temps \u00e0 autre pour v\u00e9rifier que vos informations sont toujours exactes.<\/p>\n<p><strong>Modifications de la politique<\/strong><\/p>\n<p>Vous devez v\u00e9rifier la pr\u00e9sente politique chaque fois que vous utilisez le site Internet du The Last Resort. Le traitement par The Last Resort des informations qu&#8217;il recueille aupr\u00e8s de vous (y compris les informations recueillies ant\u00e9rieurement) sera r\u00e9gi par la version la plus r\u00e9cente de la pr\u00e9sente politique.<\/p>\n<p><strong>En vigueur \u00e0 partir du 1er octobre 2019<\/strong><\/p>\n<p>La pr\u00e9sente d\u00e9claration de confidentialit\u00e9 en ligne d\u00e9crit la mani\u00e8re dont nous traitons les donn\u00e9es des utilisateurs collect\u00e9es lors de votre visite sur le site The Last Resort. Le site The Last Resort est <a href=\"http:\/\/www.thelastresort.ch\">www.thelastresort.ch<\/a> et comprend toutes les pages web dont le nom de domaine contient <a href=\"http:\/\/www.thelastresort.ch\">thelastresort.ch<\/a>. Il ne s&#8217;agit pas de la d\u00e9claration de confidentialit\u00e9 en ligne pour les sites Internet d&#8217;autres organisations qui ne contiennent pas ces noms de domaine. Il ne s&#8217;agit pas non plus de la d\u00e9claration de confidentialit\u00e9 en ligne pour d&#8217;autres sites Internet (par exemple, des blogs ou des sites de r\u00e9seaux sociaux) sur lesquels The Last Resort peut \u00eatre pr\u00e9sent.<\/p>\n<p><strong>Vie priv\u00e9e et Internet<\/strong><\/p>\n<p>D&#8217;une mani\u00e8re g\u00e9n\u00e9rale, l&#8217;internet n&#8217;est pas actuellement un espace priv\u00e9. Lorsque vous visitez des sites web, utilisez des moteurs de recherche et faites des affaires sur l&#8217;internet, de nombreuses entreprises et organisations collectent des informations sur votre comportement en ligne en suivant vos recherches, vos visites et vos transactions, puis en comparant ces donn\u00e9es avec d&#8217;autres informations vous concernant. Il y a certaines choses que vous pouvez faire pour \u00e9viter que vos informations ne soient collect\u00e9es.<\/p>\n<p>The Last Resort prend de nombreuses mesures pour prot\u00e9ger votre vie priv\u00e9e lorsque vous visitez le site Internet de The Last Resort. Afin de vous offrir une meilleure exp\u00e9rience, nous autorisons un certain suivi. Nous expliquons ci-dessous comment et quand nous le faisons.<\/p>\n<p><em>Nouvelle loi sur la protection des donn\u00e9es (revDSG)<\/em><\/p>\n<p>Une nouvelle loi sur la protection des donn\u00e9es (revDSG) est en vigueur en Suisse depuis le 1er septembre 2023. Elle s&#8217;applique aux entreprises ou organisations qui collectent et \/ ou traitent des donn\u00e9es \u00e0 caract\u00e8re personnel. The Last Resort est en conformit\u00e9 avec cette ordonnance.<\/p>\n<p><em>S\u00e9curit\u00e9 des donn\u00e9es<\/em><\/p>\n<p>Lorsque vous achetez un Abonnement The Last Resort, vos donn\u00e9es sont stock\u00e9es sur le serveur de base de donn\u00e9es interne crypt\u00e9 de The Last Resort, h\u00e9berg\u00e9 en Suisse. Une deuxi\u00e8me source de stockage des donn\u00e9es est la passerelle de paiement en ligne utilis\u00e9e par The Last Resort, Stripe. Chacun de ces services offre une s\u00e9curit\u00e9 int\u00e9gr\u00e9e garantissant un stockage et une utilisation s\u00fbrs des donn\u00e9es que vous fournissez \u00e0 The Last Resort, directement ou indirectement.<\/p>\n<p><strong>Notre collecte et notre utilisation des informations vous concernant<\/strong><\/p>\n<p><em>Donn\u00e9es collect\u00e9es passivement<\/em><\/p>\n<p>Comme la plupart des sites Internet, nous pouvons recevoir et enregistrer automatiquement des informations dans nos journaux de serveur \u00e0 partir de votre navigateur lorsque vous visitez www.thelastresort.ch. Les informations que nous collectons par ces m\u00e9thodes automatis\u00e9es peuvent inclure votre adresse IP, des informations sur les cookies, le type de navigateur, le type de syst\u00e8me et l&#8217;URL de r\u00e9f\u00e9rence.<\/p>\n<p>Nous utilisons ce type d&#8217;informations pour mesurer et am\u00e9liorer les performances de notre site. \u00c0 l&#8217;occasion, nous acc\u00e9dons \u00e9galement \u00e0 ce type d&#8217;informations pour \u00e9tudier ou maintenir la stabilit\u00e9 et la s\u00e9curit\u00e9 de notre site.<\/p>\n<p><em>Donn\u00e9es soumises volontairement<\/em><\/p>\n<p>Certaines pages du site The Last Resort peuvent vous inviter \u00e0 partager des informations d&#8217;identification personnelle, telles que votre nom, votre adresse, votre adresse \u00e9lectronique, votre num\u00e9ro de t\u00e9l\u00e9phone, votre \u00e9tat de sant\u00e9 et vos ant\u00e9c\u00e9dents sociaux, etc. Le partage de ces informations vous permettra de rejoindre le The Last Resort et, le cas \u00e9ch\u00e9ant, de faire une demande de l&#8217;assistance volontaire \u00e0 la mort au The Last Resort.<\/p>\n<p>Nous pouvons utiliser ces donn\u00e9es soumises volontairement pour:<\/p>\n<ul>\n<li>Remplir les conditions de votre demande\/inscription.<\/li>\n<li>Vous contacter au sujet d&#8217;autres activit\u00e9s ou nouvelles du The Last Resort, ou au sujet d&#8217;opportunit\u00e9s de soutenir le The Last Resort.<\/li>\n<\/ul>\n<p><em>Partage des informations<\/em><\/p>\n<p>The Last Resort peut partager vos informations avec des professionnels de la sant\u00e9 d\u00e9sign\u00e9s qui ont un r\u00f4le l\u00e9gitime \u00e0 jouer dans l&#8217;acc\u00e9l\u00e9ration d&#8217;une demande de l&#8217;aide volontaire \u00e0 mourir ou d&#8217;une souscription. Aucun autre partage de donn\u00e9es n&#8217;a lieu avec des tiers dans aucun autre pays et \u00e0 aucun moment.<\/p>\n<p><em>Notre liste d&#8217;adresses \u00e9lectroniques<\/em><\/p>\n<p>Si vous vous inscrivez \u00e0 notre liste de diffusion, nous pouvons collecter des donn\u00e9es en utilisant une image int\u00e9gr\u00e9e pour savoir si vous ouvrez notre e-mail et en utilisant une URL qui nous permet d&#8217;identifier que vous avez effectu\u00e9 une action, par exemple en cliquant sur un lien dans un e-mail.<\/p>\n<p>Cela nous permet d&#8217;\u00e9tablir une communication plus efficace et de vous informer sur les activit\u00e9s de The Last Resort.<\/p>\n<p><em>Notre utilisation des cookies<\/em><\/p>\n<p>Nous pouvons utiliser des cookies pour am\u00e9liorer les performances du site Internet, pour m\u00e9moriser les pr\u00e9f\u00e9rences et les param\u00e8tres de l&#8217;utilisateur et pour collecter des donn\u00e9es analytiques. Par \u00abcookies\u00bb, nous entendons de petits fichiers texte plac\u00e9s sur votre ordinateur par notre site Internet lorsque vous le visitez.<\/p>\n<p>Les \u00abcookies\u00bb peuvent \u00e9galement faire r\u00e9f\u00e9rence au stockage local, qui est un m\u00e9canisme similaire aux cookies dans lequel les informations sont stock\u00e9es dans votre navigateur web. Nous pouvons utiliser des cookies pour am\u00e9liorer les performances de notre site web.<\/p>\n<p><em>Analyse<\/em><\/p>\n<p>Nous utilisons des outils Google Analytics qui placent \u00e9galement des cookies, afin de nous permettre de mieux comprendre comment les internautes utilisent notre site web. Cela nous permet d&#8217;\u00e9valuer les performances actuelles des fonctionnalit\u00e9s du site web et de d\u00e9velopper un meilleur contenu. Google Analytics conserve les donn\u00e9es pendant 26 mois. Les cookies de Google Analytics nous fournissent des informations telles que<\/p>\n<ul>\n<li>le nombre de visiteurs individuels<\/li>\n<li>Combien de visiteurs sont nouveaux ou reviennent<\/li>\n<li>La fr\u00e9quence \u00e0 laquelle les visiteurs viennent sur le site web<\/li>\n<li>Le contenu qu&#8217;ils ont visit\u00e9<\/li>\n<li>Comment les visiteurs interagissent avec des pages ou des contenus particuliers<\/li>\n<\/ul>\n<p><em>Stockage et s\u00e9curit\u00e9 des donn\u00e9es<\/em><\/p>\n<p>The Last Resort maintient une base de donn\u00e9es s\u00e9curis\u00e9e, g\u00e9r\u00e9e par mot de passe, pour les abonnements et les dossiers de demande de l&#8217;aide volontaire \u00e0 mourir. The Last Resort utilise diverses technologies pour emp\u00eacher, dans la mesure du possible, tout acc\u00e8s non autoris\u00e9, toute modification ou toute divulgation de vos informations.<\/p>\n<p>Vos donn\u00e9es sont \u00e9galement stock\u00e9es sur des services de commerce \u00e9lectronique tels que Stripe et Godaddy. Chacun de ces services offre une s\u00e9curit\u00e9 int\u00e9gr\u00e9e. Google Analytics peut \u00e9galement utiliser les donn\u00e9es agr\u00e9g\u00e9es que vous avez fournies dans le but de permettre \u00e0 The Last Resort de mieux comprendre, g\u00e9rer et planifier le trafic sur le site Internet.<\/p>\n<p><em>Comment certains h\u00e9bergeurs de contenu peuvent placer des cookies et recueillir des informations sur vous<\/em><\/p>\n<p>Notre site est reli\u00e9 de diverses mani\u00e8res \u00e0 des contenus r\u00e9sidant sur d&#8217;autres plateformes. Nous pouvons fournir des liens vers du contenu sur des plateformes de m\u00e9dias sociaux telles que Facebook et Twitter.<\/p>\n<p>Notre site peut ne pas int\u00e9grer de m\u00e9dias, tels que des vid\u00e9os, qui sont h\u00e9berg\u00e9s sur d&#8217;autres plateformes (telles que YouTube) mais qui peuvent \u00eatre visionn\u00e9s directement par le biais des boutons que nous fournissons. Lorsque vous cliquez sur des liens ou des boutons pour l&#8217;un de ces types de contenu externe, les fournisseurs de ce contenu peuvent placer leurs propres cookies sur votre ordinateur, acc\u00e9der aux cookies existants qui ont \u00e9t\u00e9 d\u00e9finis lorsque vous avez pr\u00e9c\u00e9demment visit\u00e9 d&#8217;autres sites web, ou recueillir d&#8217;une autre mani\u00e8re des informations sur vous lorsque vous acc\u00e9dez \u00e0 leur contenu.<\/p>\n<p>Pour en savoir plus sur la mani\u00e8re dont ces h\u00e9bergeurs de contenu traitent les donn\u00e9es qu&#8217;ils collectent par le biais de cookies ou autres, consultez leurs politiques de confidentialit\u00e9 en ligne respectives et les autres conseils affich\u00e9s.<\/p>\n<p><em>Mesures de s\u00e9curit\u00e9 et transmission des donn\u00e9es<\/em><\/p>\n<p>Nous avons pris des mesures physiques, \u00e9lectroniques et de gestion pour prot\u00e9ger les informations que nous recueillons. Nous nous effor\u00e7ons de garantir l&#8217;exactitude des donn\u00e9es et de prot\u00e9ger les informations que nous recueillons en ligne contre tout acc\u00e8s non autoris\u00e9 et toute utilisation abusive.<\/p>\n<p>Les informations qui peuvent \u00eatre facilement associ\u00e9es \u00e0 votre personne, telles que votre nom et votre adresse, sont stock\u00e9es sur des serveurs s\u00e9curis\u00e9s et ne sont pas accessibles au public.<\/p>\n<p>En outre, toutes les donn\u00e9es transmises vers et depuis notre site web, y compris les num\u00e9ros de carte de cr\u00e9dit, sont crypt\u00e9es \u00e0 l&#8217;aide de mesures standard de l&#8217;industrie afin de fournir un niveau de s\u00e9curit\u00e9 suppl\u00e9mentaire.<\/p>\n<p><em>Proc\u00e9dure de mise \u00e0 jour de la pr\u00e9sente d\u00e9claration<\/em><\/p>\n<p>Notre d\u00e9claration de confidentialit\u00e9 peut \u00eatre modifi\u00e9e de temps \u00e0 autre. Nous publierons les modifications de la d\u00e9claration de confidentialit\u00e9 sur cette page et, si les modifications sont importantes, nous publierons un avis plus visible sur notre site web.<\/p>\n<p><em>Proc\u00e9dure de mise \u00e0 jour de vos informations personnelles ou de vos pr\u00e9f\u00e9rences<\/em><\/p>\n<p>Si vous souhaitez retirer ou modifier les informations personnelles que vous avez partag\u00e9es avec nous pr\u00e9c\u00e9demment ou ajuster vos pr\u00e9f\u00e9rences personnelles &#8211; telles que vos pr\u00e9f\u00e9rences concernant les listes de courrier \u00e9lectronique &#8211; vous pouvez nous contacter pour mettre \u00e0 jour nos dossiers.<\/p>\n<p>Pour ce faire, vous disposez des options suivantes:<\/p>\n<p>Envoyer un courrier \u00e9lectronique \u00e0: <a href=\"mailto:contact@thelastresort.ch\">contact@thelastresort.ch<\/a><\/p>\n<p>[\/et_pb_text][\/et_pb_column][\/et_pb_row][\/et_pb_section][et_pb_section fb_built=&#8221;1&#8243; admin_label=&#8221;Divider&#8221; _builder_version=&#8221;4.23.1&#8243; _module_preset=&#8221;default&#8221; background_color=&#8221;#f3f7f0&#8243; min_height=&#8221;84px&#8221; custom_margin=&#8221;-37px|||||&#8221; custom_padding=&#8221;0px||0px|||&#8221; global_colors_info=&#8221;{}&#8221;][et_pb_row _builder_version=&#8221;4.23.1&#8243; _module_preset=&#8221;default&#8221; global_colors_info=&#8221;{}&#8221;][et_pb_column type=&#8221;4_4&#8243; _builder_version=&#8221;4.23.1&#8243; _module_preset=&#8221;default&#8221; global_colors_info=&#8221;{}&#8221;][\/et_pb_column][\/et_pb_row][\/et_pb_section][et_pb_section fb_built=&#8221;1&#8243; fullwidth=&#8221;on&#8221; _builder_version=&#8221;4.23.1&#8243; _module_preset=&#8221;default&#8221; global_colors_info=&#8221;{}&#8221;][et_pb_fullwidth_image src=&#8221;https:\/\/thelastresort.ch\/wp-content\/uploads\/2023\/12\/alpen-panorama-242c3419-bc04-4607-b8cd-739ae327717e.jpg&#8221; title_text=&#8221;alpen-panorama-242c3419-bc04-4607-b8cd-739ae327717e&#8221; _builder_version=&#8221;4.23.1&#8243; _module_preset=&#8221;default&#8221; global_colors_info=&#8221;{}&#8221;][\/et_pb_fullwidth_image][\/et_pb_section]<\/p>\n","protected":false},"excerpt":{"rendered":"<p>G\u00e9n\u00e9ral La pr\u00e9sente politique d\u00e9finit la mani\u00e8re dont TheLast Resort g\u00e8re les informations qu&#8217;il recueille aupr\u00e8s de vous. The Last Resort est li\u00e9 par la loi suisse sur la protection des donn\u00e9es et est conforme au r\u00e8glement g\u00e9n\u00e9ral sur la protection des donn\u00e9es (RGPD) (en vigueur le 25 mai 2018). Informations collect\u00e9es par The Last [&hellip;]<\/p>\n","protected":false},"author":1,"featured_media":0,"parent":0,"menu_order":0,"comment_status":"closed","ping_status":"closed","template":"","meta":{"_et_pb_use_builder":"on","_et_pb_old_content":"","_et_gb_content_width":"","footnotes":""},"_links":{"self":[{"href":"https:\/\/www.thelastresort.ch\/francais\/wp-json\/wp\/v2\/pages\/1759"}],"collection":[{"href":"https:\/\/www.thelastresort.ch\/francais\/wp-json\/wp\/v2\/pages"}],"about":[{"href":"https:\/\/www.thelastresort.ch\/francais\/wp-json\/wp\/v2\/types\/page"}],"author":[{"embeddable":true,"href":"https:\/\/www.thelastresort.ch\/francais\/wp-json\/wp\/v2\/users\/1"}],"replies":[{"embeddable":true,"href":"https:\/\/www.thelastresort.ch\/francais\/wp-json\/wp\/v2\/comments?post=1759"}],"version-history":[{"count":10,"href":"https:\/\/www.thelastresort.ch\/francais\/wp-json\/wp\/v2\/pages\/1759\/revisions"}],"predecessor-version":[{"id":2710,"href":"https:\/\/www.thelastresort.ch\/francais\/wp-json\/wp\/v2\/pages\/1759\/revisions\/2710"}],"wp:attachment":[{"href":"https:\/\/www.thelastresort.ch\/francais\/wp-json\/wp\/v2\/media?parent=1759"}],"curies":[{"name":"wp","href":"https:\/\/api.w.org\/{rel}","templated":true}]}}