{"id":1969,"date":"2024-05-06T10:17:03","date_gmt":"2024-05-06T10:17:03","guid":{"rendered":"https:\/\/www.thelastresort.ch\/?page_id=1969"},"modified":"2024-08-21T14:36:23","modified_gmt":"2024-08-21T14:36:23","slug":"donate","status":"publish","type":"page","link":"https:\/\/www.thelastresort.ch\/francais\/support\/donate\/","title":{"rendered":"Donate"},"content":{"rendered":"<p>[et_pb_section fb_built=&#8221;1&#8243; admin_label=&#8221;Header&#8221; _builder_version=&#8221;4.23.1&#8243; _module_preset=&#8221;default&#8221; use_background_color_gradient=&#8221;on&#8221; background_color_gradient_stops=&#8221;rgba(0,0,0,0.7) 0%|rgba(0,0,0,0) 100%&#8221; background_color_gradient_overlays_image=&#8221;on&#8221; background_color_gradient_start=&#8221;rgba(0,0,0,0.7)&#8221; background_color_gradient_end=&#8221;rgba(0,0,0,0)&#8221; background_image=&#8221;https:\/\/thelastresort.ch\/wp-content\/uploads\/2023\/12\/alpen-panorama-242c3419-bc04-4607-b8cd-739ae327717e.jpg&#8221; background_blend=&#8221;lighten&#8221; custom_padding=&#8221;||0px||false|false&#8221; global_colors_info=&#8221;{}&#8221;][et_pb_row column_structure=&#8221;3_5,2_5&#8243; make_equal=&#8221;on&#8221; admin_label=&#8221;Row&#8221; _builder_version=&#8221;4.23.1&#8243; _module_preset=&#8221;default&#8221; z_index=&#8221;10&#8243; custom_margin=&#8221;|auto|-98px|auto|false|false&#8221; custom_padding=&#8221;||5px||false|false&#8221; global_colors_info=&#8221;{}&#8221;][et_pb_column type=&#8221;3_5&#8243; _builder_version=&#8221;4.23.1&#8243; _module_preset=&#8221;default&#8221; custom_padding=&#8221;100px||||false|false&#8221; custom_padding_tablet=&#8221;0px||||false|false&#8221; custom_padding_phone=&#8221;&#8221; custom_padding_last_edited=&#8221;on|phone&#8221; global_colors_info=&#8221;{}&#8221;][et_pb_image src=&#8221;https:\/\/www.thelastresort.ch\/wp-content\/uploads\/2023\/12\/TLRWhite.png&#8221; alt=&#8221;The Last Resort&#8221; title_text=&#8221;TLRWhite&#8221; show_bottom_space=&#8221;off&#8221; disabled_on=&#8221;on|off|off&#8221; _builder_version=&#8221;4.23.1&#8243; _module_preset=&#8221;default&#8221; transform_scale=&#8221;94%|94%&#8221; transform_translate=&#8221;24px|-63px&#8221; transform_translate_linked=&#8221;off&#8221; width=&#8221;57%&#8221; custom_margin=&#8221;|-130px||||&#8221; global_colors_info=&#8221;{}&#8221;][\/et_pb_image][\/et_pb_column][et_pb_column type=&#8221;2_5&#8243; _builder_version=&#8221;4.23.1&#8243; _module_preset=&#8221;default&#8221; background_color=&#8221;rgba(178,153,98,0.55)&#8221; custom_padding=&#8221;50px|30px|50px|30px|true|true&#8221; custom_padding_tablet=&#8221;&#8221; custom_padding_phone=&#8221;50px|20px|50px|20px|true|true&#8221; custom_padding_last_edited=&#8221;on|phone&#8221; border_radii=&#8221;on|20px|20px|20px|20px&#8221; border_width_all=&#8221;2px&#8221; box_shadow_style=&#8221;preset3&#8243; box_shadow_vertical=&#8221;39px&#8221; box_shadow_blur=&#8221;74px&#8221; box_shadow_spread=&#8221;-8px&#8221; box_shadow_color=&#8221;rgba(0,0,0,0.2)&#8221; global_colors_info=&#8221;{}&#8221;][et_pb_image src=&#8221;https:\/\/thelastresort.ch\/wp-content\/uploads\/2024\/04\/CowAndNewFlag.png&#8221; title_text=&#8221;CowAndNewFlag&#8221; _builder_version=&#8221;4.23.1&#8243; _module_preset=&#8221;default&#8221; global_colors_info=&#8221;{}&#8221;][\/et_pb_image][et_pb_image src=&#8221;https:\/\/www.thelastresort.ch\/wp-content\/uploads\/2023\/12\/TLRWhite.png&#8221; alt=&#8221;The Last Resort&#8221; title_text=&#8221;TLRWhite&#8221; disabled_on=&#8221;off|on|on&#8221; _builder_version=&#8221;4.23.1&#8243; _module_preset=&#8221;default&#8221; transform_scale=&#8221;61%|61%&#8221; global_colors_info=&#8221;{}&#8221;][\/et_pb_image][\/et_pb_column][\/et_pb_row][\/et_pb_section][et_pb_section fb_built=&#8221;1&#8243; admin_label=&#8221;Categories&#8221; _builder_version=&#8221;4.23.1&#8243; _module_preset=&#8221;default&#8221; background_color=&#8221;#f3f7f0&#8243; custom_margin=&#8221;-72px||26px|||&#8221; custom_padding=&#8221;||||false|false&#8221; global_colors_info=&#8221;{}&#8221;][et_pb_row use_custom_gutter=&#8221;on&#8221; gutter_width=&#8221;1&#8243; make_equal=&#8221;on&#8221; custom_padding_last_edited=&#8221;on|desktop&#8221; _builder_version=&#8221;4.23.1&#8243; _module_preset=&#8221;default&#8221; transform_translate=&#8221;0px|-30px&#8221; transform_translate_linked=&#8221;off&#8221; min_height=&#8221;112px&#8221; custom_margin=&#8221;-116px|auto|23px|auto|false|false&#8221; custom_margin_tablet=&#8221;0px||10px||false|false&#8221; custom_margin_phone=&#8221;&#8221; custom_margin_last_edited=&#8221;on|tablet&#8221; custom_padding=&#8221;|340px|0px||false|false&#8221; custom_padding_tablet=&#8221;|0px|||false|false&#8221; custom_padding_phone=&#8221;&#8221; global_colors_info=&#8221;{}&#8221;][et_pb_column type=&#8221;4_4&#8243; _builder_version=&#8221;4.23.1&#8243; _module_preset=&#8221;default&#8221; background_color=&#8221;#606060&#8243; custom_padding=&#8221;40px|30px|80px|30px|false|true&#8221; custom_padding_tablet=&#8221;&#8221; custom_padding_phone=&#8221;|20px||20px|false|true&#8221; custom_padding_last_edited=&#8221;on|desktop&#8221; global_colors_info=&#8221;{}&#8221;][et_pb_heading title=&#8221;Faire un don&#8221; _builder_version=&#8221;4.23.1&#8243; _module_preset=&#8221;default&#8221; title_text_color=&#8221;#FFFFFF&#8221; title_font_size=&#8221;60px&#8221; title_line_height=&#8221;1.5em&#8221; min_height=&#8221;18px&#8221; custom_margin=&#8221;6px||-113px||false|false&#8221; custom_padding=&#8221;0px||31px||false|false&#8221; hover_enabled=&#8221;0&#8243; global_colors_info=&#8221;{}&#8221; sticky_enabled=&#8221;0&#8243;][\/et_pb_heading][\/et_pb_column][\/et_pb_row][\/et_pb_section][et_pb_section fb_built=&#8221;1&#8243; admin_label=&#8221;Divider&#8221; _builder_version=&#8221;4.23.1&#8243; _module_preset=&#8221;default&#8221; background_color=&#8221;#f3f7f0&#8243; min_height=&#8221;84px&#8221; custom_margin=&#8221;-37px|||||&#8221; custom_padding=&#8221;0px||0px|||&#8221; global_colors_info=&#8221;{}&#8221;][et_pb_row column_structure=&#8221;2_3,1_3&#8243; _builder_version=&#8221;4.23.1&#8243; _module_preset=&#8221;default&#8221; global_colors_info=&#8221;{}&#8221;][et_pb_column type=&#8221;2_3&#8243; _builder_version=&#8221;4.23.1&#8243; _module_preset=&#8221;default&#8221; global_colors_info=&#8221;{}&#8221;][et_pb_text _builder_version=&#8221;4.23.1&#8243; _module_preset=&#8221;default&#8221; hover_enabled=&#8221;0&#8243; global_colors_info=&#8221;{}&#8221; sticky_enabled=&#8221;0&#8243;]<\/p>\n<p>Afin de fournir un service gratuit de suicide accompagn\u00e9, The Last Resort d\u00e9pend de vos dons et legs.<\/p>\n<p>Les dons et legs sont accept\u00e9s via la passerelle de paiement Stripe ou par virement direct sur nos comptes en Suisse.<\/p>\n<p>Les coordonn\u00e9es de nos comptes bancaires en euros et en francs suisses peuvent \u00eatre demand\u00e9es \u00e0 l&#8217;adresse <a href=\"mailto:contact@thelastresort.ch\">contact@thelastresort.ch<\/a>.<\/p>\n<p>Le travail The Last Resort peut \u00e9galement \u00eatre soutenu (indirectement) par l&#8217;interm\u00e9diaire de l&#8217;association 501(c)3 <a href=\"http:\/\/exitgeneration.org\/\">Exit Generation<\/a> aux \u00c9tats-Unis, qui b\u00e9n\u00e9ficie d&#8217;une exon\u00e9ration fiscale dans toute la mesure permise par la l\u00e9gislation am\u00e9ricaine.<\/p>\n<p>&nbsp;<\/p>\n<p>[\/et_pb_text][et_pb_cta title=&#8221;The Last Resort&#8221; button_url=&#8221;https:\/\/donate.stripe.com\/8wMaIr9E3aWGfxm8wE&#8221; url_new_window=&#8221;on&#8221; button_text=&#8221;Faites une donation&#8221; _builder_version=&#8221;4.23.1&#8243; _module_preset=&#8221;default&#8221; background_color=&#8221;rgba(178,152,105,0.71)&#8221; custom_button=&#8221;on&#8221; button_bg_color=&#8221;#a86115&#8243; button_border_radius=&#8221;15px&#8221; link_option_url=&#8221;https:\/\/donate.stripe.com\/8wMaIr9E3aWGfxm8wE&#8221; link_option_url_new_window=&#8221;on&#8221; hover_enabled=&#8221;0&#8243; border_radii=&#8221;on|20px|20px|20px|20px&#8221; border_width_all=&#8221;3px&#8221; border_color_all=&#8221;#a86115&#8243; global_colors_info=&#8221;{}&#8221; sticky_enabled=&#8221;0&#8243;]<\/p>\n<h2><span><img loading=\"lazy\" decoding=\"async\" src=\"https:\/\/www.thelastresort.ch\/wp-content\/uploads\/2024\/04\/cropped-LogoOnlyCow-300x300.png\" width=\"125\" height=\"125\" alt=\"\" class=\"wp-image-1704 alignnone size-medium\" srcset=\"https:\/\/www.thelastresort.ch\/francais\/wp-content\/uploads\/2024\/04\/cropped-LogoOnlyCow-300x300.png 300w, https:\/\/www.thelastresort.ch\/francais\/wp-content\/uploads\/2024\/04\/cropped-LogoOnlyCow-150x150.png 150w, https:\/\/www.thelastresort.ch\/francais\/wp-content\/uploads\/2024\/04\/cropped-LogoOnlyCow-480x480.png 480w, https:\/\/www.thelastresort.ch\/francais\/wp-content\/uploads\/2024\/04\/cropped-LogoOnlyCow-270x270.png 270w, https:\/\/www.thelastresort.ch\/francais\/wp-content\/uploads\/2024\/04\/cropped-LogoOnlyCow-192x192.png 192w, https:\/\/www.thelastresort.ch\/francais\/wp-content\/uploads\/2024\/04\/cropped-LogoOnlyCow-180x180.png 180w, https:\/\/www.thelastresort.ch\/francais\/wp-content\/uploads\/2024\/04\/cropped-LogoOnlyCow-32x32.png 32w, https:\/\/www.thelastresort.ch\/francais\/wp-content\/uploads\/2024\/04\/cropped-LogoOnlyCow.png 512w\" sizes=\"(max-width: 125px) 100vw, 125px\" \/><\/span><\/h2>\n<p>Aucune somme n&#8217;est trop petite, aucune somme n&#8217;est trop grande &#8230;<\/p>\n<p>[\/et_pb_cta][et_pb_text _builder_version=&#8221;4.23.1&#8243; _module_preset=&#8221;default&#8221; text_orientation=&#8221;center&#8221; hover_enabled=&#8221;0&#8243; global_colors_info=&#8221;{}&#8221; sticky_enabled=&#8221;0&#8243;]<\/p>\n<p>The Last Resort \u00e9tant bas\u00e9 en Suisse, notre monnaie est le CHF.<br \/>Si vous pr\u00e9f\u00e9rez faire une donation en Euro, veuillez  <a href=\"https:\/\/donate.stripe.com\/4gw2bVaI70i2dpefZd\" target=\"_blank\" rel=\"noopener\">cliquer ici.<\/a><\/p>\n<p>[\/et_pb_text][et_pb_text _builder_version=&#8221;4.23.1&#8243; _module_preset=&#8221;default&#8221; text_font_size=&#8221;16px&#8221; text_line_height=&#8221;1.4em&#8221; custom_margin=&#8221;||25px||false|false&#8221; hover_enabled=&#8221;0&#8243; global_colors_info=&#8221;{}&#8221; sticky_enabled=&#8221;0&#8243;]<\/p>\n<p style=\"text-align: center;\">Nous vous remercions de votre soutien au projet The Last Resort.<\/p>\n<p>[\/et_pb_text][\/et_pb_column][et_pb_column type=&#8221;1_3&#8243; _builder_version=&#8221;4.23.1&#8243; _module_preset=&#8221;default&#8221; global_colors_info=&#8221;{}&#8221;][et_pb_icon font_icon=&#8221;&#xe05c;||fa||900&#8243; _builder_version=&#8221;4.23.1&#8243; _module_preset=&#8221;default&#8221; custom_margin=&#8221;70px||||false|false&#8221; global_colors_info=&#8221;{}&#8221;][\/et_pb_icon][et_pb_code _builder_version=&#8221;4.23.1&#8243; _module_preset=&#8221;default&#8221; custom_margin=&#8221;||20px||false|false&#8221; custom_padding=&#8221;10px|10px|10px|10px|false|false&#8221; border_radii=&#8221;on|10px|10px|10px|10px&#8221; border_width_all=&#8221;1px&#8221; box_shadow_style=&#8221;preset1&#8243; global_colors_info=&#8221;{}&#8221;]<div  class=\"cbcurrencyconverter_cal_wrapper cbcurrencyconverter_cal_wrapper_shortcode\"><h3 class=\"cbcurrencyconverter_heading\">Calculateur de devises<\/h3><div class=\"cbcurrencyconverter_form_field cbcurrencyconverter_form_field_from cbcurrencyconverter_form_field_select \"><span  class=\"cbcurrencyconverter_label\">From <i>EUR<\/i><\/span><div class=\"cbcurrencyconverter_form_field_input \"><select data-placeholder=\"Select From Currency\" class=\"cbcurrencyconverter_select2  cbcurrencyconverter_cal_from cbcurrencyconverter_cal_from_shortcode\"><option value=\"\">Select From Currency<\/option><option  value=\"CAD\">CAD - $<\/option><option  selected='selected' value=\"EUR\">EUR - \u20ac<\/option><option  value=\"GBP\">GBP - \u00a3<\/option><option  value=\"USD\">USD - $<\/option><\/select><\/div><\/div><div class=\"cbcurrencyconverter_form_field cbcurrencyconverter_form_field_to cbcurrencyconverter_form_field_select \"><span class=\"cbcurrencyconverter_label\">To <i>CHF<\/i><\/span><div class=\"cbcurrencyconverter_form_field_input cbcurrencyconverter_arrow_disable\"><select data-placeholder=\"Select To Currency\" class=\"cbcurrencyconverter_select2  cbcurrencyconverter_cal_to cbcurrencyconverter_cal_to_shortcode\"><option value=\"\">Select To Currency<\/option><option  selected='selected'  value=\"CHF\">CHF - CHF<\/option><\/select><\/div><\/div><div class=\"cbcurrencyconverter_amont_result_combo\"><div class=\"cbcurrencyconverter_form_field cbcurrencyconverter_form_field_amount\"><span  class=\"cbcurrencyconverter_label sr-only\">Amount<\/span><div class=\"cbcurrencyconverter_form_field_input\"><input type=\"number\" placeholder=\"Amount\" step=\"any\" min=\"1\" class=\"cbcurrencyconverter_cal_amount cbcurrencyconverter_cal_amount_shortcode\" value =\"1\" \/><\/div><\/div><div class=\"cbconverter_result_wrapper cbconverter_result_wrapper_shortcode\"><button class=\"button btn btn-primary cbcurrencyconverter_calculate\" data-decimal-point=\"2\" data-busy = \"0\" data-ref = \"shortcode\" data-nonce=\"f462ff9b9f\"><span>Convert<\/span><\/button><\/div><\/div><div  class=\"cbcurrencyconverter_result cbcurrencyconverter_result_shortcode\"><\/div><\/div>[\/et_pb_code][\/et_pb_column][\/et_pb_row][\/et_pb_section][et_pb_section fb_built=&#8221;1&#8243; fullwidth=&#8221;on&#8221; _builder_version=&#8221;4.23.1&#8243; _module_preset=&#8221;default&#8221; background_video_mp4=&#8221;https:\/\/thelastresort.ch\/wp-content\/uploads\/2024\/04\/snowyField.mp4&#8243; min_height=&#8221;600px&#8221; filter_sepia=&#8221;59%&#8221; global_colors_info=&#8221;{}&#8221;][\/et_pb_section]<\/p>\n","protected":false},"excerpt":{"rendered":"<p>Afin de fournir un service gratuit de suicide accompagn\u00e9, The Last Resort d\u00e9pend de vos dons et legs. Les dons et legs sont accept\u00e9s via la passerelle de paiement Stripe ou par virement direct sur nos comptes en Suisse. Les coordonn\u00e9es de nos comptes bancaires en euros et en francs suisses peuvent \u00eatre demand\u00e9es \u00e0 [&hellip;]<\/p>\n","protected":false},"author":1,"featured_media":0,"parent":2119,"menu_order":0,"comment_status":"closed","ping_status":"closed","template":"","meta":{"_et_pb_use_builder":"on","_et_pb_old_content":"","_et_gb_content_width":"","footnotes":""},"_links":{"self":[{"href":"https:\/\/www.thelastresort.ch\/francais\/wp-json\/wp\/v2\/pages\/1969"}],"collection":[{"href":"https:\/\/www.thelastresort.ch\/francais\/wp-json\/wp\/v2\/pages"}],"about":[{"href":"https:\/\/www.thelastresort.ch\/francais\/wp-json\/wp\/v2\/types\/page"}],"author":[{"embeddable":true,"href":"https:\/\/www.thelastresort.ch\/francais\/wp-json\/wp\/v2\/users\/1"}],"replies":[{"embeddable":true,"href":"https:\/\/www.thelastresort.ch\/francais\/wp-json\/wp\/v2\/comments?post=1969"}],"version-history":[{"count":16,"href":"https:\/\/www.thelastresort.ch\/francais\/wp-json\/wp\/v2\/pages\/1969\/revisions"}],"predecessor-version":[{"id":2642,"href":"https:\/\/www.thelastresort.ch\/francais\/wp-json\/wp\/v2\/pages\/1969\/revisions\/2642"}],"up":[{"embeddable":true,"href":"https:\/\/www.thelastresort.ch\/francais\/wp-json\/wp\/v2\/pages\/2119"}],"wp:attachment":[{"href":"https:\/\/www.thelastresort.ch\/francais\/wp-json\/wp\/v2\/media?parent=1969"}],"curies":[{"name":"wp","href":"https:\/\/api.w.org\/{rel}","templated":true}]}}