{"id":1222,"date":"2024-04-20T12:20:40","date_gmt":"2024-04-20T12:20:40","guid":{"rendered":"https:\/\/thelastresort.ch\/divi\/?page_id=1222"},"modified":"2024-08-17T10:35:57","modified_gmt":"2024-08-17T10:35:57","slug":"testing","status":"publish","type":"page","link":"https:\/\/www.thelastresort.ch\/italiano\/sarco\/testing\/","title":{"rendered":"Test di Sarco"},"content":{"rendered":"<p>[et_pb_section fb_built=&#8221;1&#8243; admin_label=&#8221;Header&#8221; _builder_version=&#8221;4.23.1&#8243; _module_preset=&#8221;default&#8221; use_background_color_gradient=&#8221;on&#8221; background_color_gradient_stops=&#8221;rgba(0,0,0,0.7) 0%|rgba(0,0,0,0) 100%&#8221; background_color_gradient_overlays_image=&#8221;on&#8221; background_color_gradient_start=&#8221;rgba(0,0,0,0.7)&#8221; background_color_gradient_end=&#8221;rgba(0,0,0,0)&#8221; background_image=&#8221;https:\/\/thelastresort.ch\/wp-content\/uploads\/2023\/12\/alpen-panorama-242c3419-bc04-4607-b8cd-739ae327717e.jpg&#8221; background_blend=&#8221;lighten&#8221; custom_padding=&#8221;||0px||false|false&#8221; global_colors_info=&#8221;{}&#8221;][et_pb_row column_structure=&#8221;3_5,2_5&#8243; make_equal=&#8221;on&#8221; admin_label=&#8221;Row&#8221; _builder_version=&#8221;4.23.1&#8243; _module_preset=&#8221;default&#8221; z_index=&#8221;10&#8243; custom_margin=&#8221;||||false|false&#8221; custom_padding=&#8221;||5px||false|false&#8221; global_colors_info=&#8221;{}&#8221;][et_pb_column type=&#8221;3_5&#8243; _builder_version=&#8221;4.23.1&#8243; _module_preset=&#8221;default&#8221; custom_padding=&#8221;100px||||false|false&#8221; custom_padding_tablet=&#8221;0px||||false|false&#8221; custom_padding_phone=&#8221;&#8221; custom_padding_last_edited=&#8221;on|phone&#8221; global_colors_info=&#8221;{}&#8221;][et_pb_image src=&#8221;https:\/\/www.thelastresort.ch\/wp-content\/uploads\/2023\/12\/TLRWhite.png&#8221; alt=&#8221;The Last Resort&#8221; title_text=&#8221;TLRWhite&#8221; show_bottom_space=&#8221;off&#8221; disabled_on=&#8221;on|off|off&#8221; _builder_version=&#8221;4.23.1&#8243; _module_preset=&#8221;default&#8221; transform_scale=&#8221;94%|94%&#8221; transform_translate=&#8221;24px|-63px&#8221; transform_translate_linked=&#8221;off&#8221; width=&#8221;57%&#8221; custom_margin=&#8221;|-130px||||&#8221; global_colors_info=&#8221;{}&#8221;][\/et_pb_image][\/et_pb_column][et_pb_column type=&#8221;2_5&#8243; _builder_version=&#8221;4.23.1&#8243; _module_preset=&#8221;default&#8221; background_color=&#8221;rgba(178,153,98,0.71)&#8221; custom_padding=&#8221;50px|30px|50px|30px|true|true&#8221; custom_padding_tablet=&#8221;&#8221; custom_padding_phone=&#8221;50px|20px|50px|20px|true|true&#8221; custom_padding_last_edited=&#8221;on|phone&#8221; border_radii=&#8221;on|20px|20px|20px|20px&#8221; border_width_all=&#8221;2px&#8221; box_shadow_style=&#8221;preset3&#8243; box_shadow_vertical=&#8221;39px&#8221; box_shadow_blur=&#8221;74px&#8221; box_shadow_spread=&#8221;-8px&#8221; box_shadow_color=&#8221;rgba(0,0,0,0.2)&#8221; global_colors_info=&#8221;{}&#8221;][et_pb_image src=&#8221;https:\/\/thelastresort.ch\/wp-content\/uploads\/2024\/04\/CowAndNewFlag.png&#8221; title_text=&#8221;CowAndNewFlag&#8221; _builder_version=&#8221;4.23.1&#8243; _module_preset=&#8221;default&#8221; global_colors_info=&#8221;{}&#8221;][\/et_pb_image][et_pb_image src=&#8221;https:\/\/www.thelastresort.ch\/wp-content\/uploads\/2023\/12\/TLRWhite.png&#8221; alt=&#8221;The Last Resort&#8221; title_text=&#8221;TLRWhite&#8221; disabled_on=&#8221;off|on|on&#8221; _builder_version=&#8221;4.23.1&#8243; _module_preset=&#8221;default&#8221; transform_scale=&#8221;61%|61%&#8221; global_colors_info=&#8221;{}&#8221;][\/et_pb_image][\/et_pb_column][\/et_pb_row][\/et_pb_section][et_pb_section fb_built=&#8221;1&#8243; admin_label=&#8221;Categories&#8221; _builder_version=&#8221;4.23.1&#8243; _module_preset=&#8221;default&#8221; background_color=&#8221;#f3f7f0&#8243; custom_margin=&#8221;-72px||26px|||&#8221; custom_padding=&#8221;||||false|false&#8221; global_colors_info=&#8221;{}&#8221;][et_pb_row use_custom_gutter=&#8221;on&#8221; gutter_width=&#8221;1&#8243; make_equal=&#8221;on&#8221; custom_padding_last_edited=&#8221;on|desktop&#8221; _builder_version=&#8221;4.23.1&#8243; _module_preset=&#8221;default&#8221; custom_margin=&#8221;-116px|auto|23px|auto|false|false&#8221; custom_margin_tablet=&#8221;0px||10px||false|false&#8221; custom_margin_phone=&#8221;&#8221; custom_margin_last_edited=&#8221;on|tablet&#8221; custom_padding=&#8221;|340px|0px||false|false&#8221; custom_padding_tablet=&#8221;|0px|||false|false&#8221; custom_padding_phone=&#8221;&#8221; global_colors_info=&#8221;{}&#8221;][et_pb_column type=&#8221;4_4&#8243; _builder_version=&#8221;4.23.1&#8243; _module_preset=&#8221;default&#8221; background_color=&#8221;#606060&#8243; custom_padding=&#8221;40px|30px|80px|30px|false|true&#8221; custom_padding_tablet=&#8221;&#8221; custom_padding_phone=&#8221;|20px||20px|false|true&#8221; custom_padding_last_edited=&#8221;on|desktop&#8221; global_colors_info=&#8221;{}&#8221;][et_pb_heading title=&#8221;I test di Sarco&#8221; _builder_version=&#8221;4.23.1&#8243; _module_preset=&#8221;default&#8221; title_text_color=&#8221;#FFFFFF&#8221; title_font_size=&#8221;60px&#8221; title_line_height=&#8221;1.5em&#8221; custom_margin=&#8221;6px||-87px||false|false&#8221; custom_padding=&#8221;0px||0px||false|false&#8221; global_colors_info=&#8221;{}&#8221;][\/et_pb_heading][\/et_pb_column][\/et_pb_row][et_pb_row column_structure=&#8221;1_3,1_3,1_3&#8243; _builder_version=&#8221;4.23.1&#8243; _module_preset=&#8221;default&#8221; transform_translate=&#8221;0px|-119px&#8221; transform_translate_linked=&#8221;off&#8221; global_colors_info=&#8221;{}&#8221;][et_pb_column type=&#8221;1_3&#8243; _builder_version=&#8221;4.23.1&#8243; _module_preset=&#8221;default&#8221; global_colors_info=&#8221;{}&#8221;][\/et_pb_column][et_pb_column type=&#8221;1_3&#8243; _builder_version=&#8221;4.23.1&#8243; _module_preset=&#8221;default&#8221; global_colors_info=&#8221;{}&#8221;][\/et_pb_column][et_pb_column type=&#8221;1_3&#8243; _builder_version=&#8221;4.23.1&#8243; _module_preset=&#8221;default&#8221; global_colors_info=&#8221;{}&#8221;][\/et_pb_column][\/et_pb_row][et_pb_row column_structure=&#8221;1_2,1_2&#8243; use_custom_gutter=&#8221;on&#8221; gutter_width=&#8221;1&#8243; _builder_version=&#8221;4.23.1&#8243; _module_preset=&#8221;default&#8221; transform_translate=&#8221;0px|-84px&#8221; transform_translate_linked=&#8221;off&#8221; global_colors_info=&#8221;{}&#8221;][et_pb_column type=&#8221;1_2&#8243; _builder_version=&#8221;4.23.1&#8243; _module_preset=&#8221;default&#8221; transform_scale_linked=&#8221;off&#8221; custom_css_main_element=&#8221;width: 67.5%!important;&#8221; global_colors_info=&#8221;{}&#8221;][et_pb_text _builder_version=&#8221;4.23.1&#8243; _module_preset=&#8221;default&#8221; custom_margin=&#8221;150px|30px|30px|30px|false|true&#8221; custom_padding=&#8221;24px|||||&#8221; global_colors_info=&#8221;{}&#8221;]<\/p>\n<p>A met\u00e0 del 2023, Sarco ha completato il primo ciclo di test strumentali e tecnici a Rotterdam, nei Paesi Bassi.<\/p>\n<p>Da quel momento, i test sono stati condotti costantemente fino alla settimana precedente il trasferimento di Sarco in Svizzera.<\/p>\n<p>I test sono stati eseguiti utilizzando una vasta gamma di strumentazione (mai su \u201ctopi da laboratorio\u201d).<\/p>\n<p>Il livello di ossigeno \u00e8 stato analizzato continuamente durante i vari cicli di test al fine di confermarne la caduta precipitosa, affidabile e costante, fino a &lt; 0 in circa 60 secondi.<\/p>\n<p>Il livello di ossigeno pari a zero \u00e8 stato monitorato costantemente per confermare che si sarebbe mantenuto invariato fino a 15 minuti.<\/p>\n<p>Questi sono i criteri di base necessari per garantire all&#8217; utilizzatore una morte serena e affidabile.<\/p>\n<p>Un aspetto importante dei test era che il creatore del Sarco, Philip Nitschke, potesse sperimentare di persona il funzionamento di Sarco dall&#8217;interno.<\/p>\n<p>Nel maggio del 2024, Philip indoss\u00f2 dei puntali nasali alimentati con ossigeno. Si sdrai\u00f2 nel Sarco, premette il pulsante verde di attivazione e speriment\u00f2 personalmente il flusso di azoto.<\/p>\n<p>Dopo l&#8217;esperimento ha riferito che la sensazione dell&#8217;ingresso del gas nella capsula era appena percettibile. Ha detto che poteva ben immaginarsi la tranquillit\u00e0 che una bel panorama visto dal finestrino del Sarco avrebbe potuto fornire.<\/p>\n<p>[\/et_pb_text][\/et_pb_column][et_pb_column type=&#8221;1_2&#8243; _builder_version=&#8221;4.23.1&#8243; _module_preset=&#8221;default&#8221; custom_css_main_element=&#8221;width: 30%!important;&#8221; global_colors_info=&#8221;{}&#8221;][dsm_before_after_image _builder_version=&#8221;4.23.1&#8243; _module_preset=&#8221;default&#8221; global_colors_info=&#8221;{}&#8221;][\/dsm_before_after_image][et_pb_image src=&#8221;https:\/\/thelastresort.ch\/wp-content\/uploads\/2024\/04\/Sarco_Testing04.png&#8221; title_text=&#8221;Sarco_Testing04&#8243; _builder_version=&#8221;4.23.1&#8243; _module_preset=&#8221;default&#8221; min_height=&#8221;180.4px&#8221; custom_margin=&#8221;149px||10px||false|false&#8221; border_radii=&#8221;on|10px|10px|10px|10px&#8221; global_colors_info=&#8221;{}&#8221;][\/et_pb_image][et_pb_image src=&#8221;https:\/\/thelastresort.ch\/wp-content\/uploads\/2024\/04\/Sarco_Testing03.png&#8221; title_text=&#8221;Sarco_Testing03&#8243; _builder_version=&#8221;4.23.1&#8243; _module_preset=&#8221;default&#8221; custom_margin=&#8221;10px||10px||false|false&#8221; border_radii=&#8221;on|10px|10px|10px|10px&#8221; global_colors_info=&#8221;{}&#8221;][\/et_pb_image][et_pb_image src=&#8221;https:\/\/thelastresort.ch\/wp-content\/uploads\/2024\/04\/Sarco_Testing02.png&#8221; title_text=&#8221;Sarco_Testing02&#8243; _builder_version=&#8221;4.23.1&#8243; _module_preset=&#8221;default&#8221; custom_margin=&#8221;10px||10px||false|false&#8221; border_radii=&#8221;on|10px|10px|10px|10px&#8221; global_colors_info=&#8221;{}&#8221;][\/et_pb_image][et_pb_image src=&#8221;https:\/\/thelastresort.ch\/wp-content\/uploads\/2024\/04\/Sarco_Testing01.png&#8221; title_text=&#8221;Sarco_Testing01&#8243; _builder_version=&#8221;4.23.1&#8243; _module_preset=&#8221;default&#8221; custom_margin=&#8221;10px||||false|false&#8221; border_radii=&#8221;on|10px|10px|10px|10px&#8221; global_colors_info=&#8221;{}&#8221;][\/et_pb_image][\/et_pb_column][\/et_pb_row][et_pb_row _builder_version=&#8221;4.23.1&#8243; _module_preset=&#8221;default&#8221; background_video_mp4=&#8221;https:\/\/thelastresort.ch\/wp-content\/uploads\/2024\/04\/SarcoTestingWebsiteHB.mp4&#8243; global_colors_info=&#8221;{}&#8221;][et_pb_column type=&#8221;4_4&#8243; _builder_version=&#8221;4.23.1&#8243; _module_preset=&#8221;default&#8221; global_colors_info=&#8221;{}&#8221;][et_pb_divider show_divider=&#8221;off&#8221; _builder_version=&#8221;4.23.1&#8243; _module_preset=&#8221;default&#8221; height=&#8221;480px&#8221; global_colors_info=&#8221;{}&#8221;][\/et_pb_divider][\/et_pb_column][\/et_pb_row][et_pb_row _builder_version=&#8221;4.23.1&#8243; _module_preset=&#8221;default&#8221; global_colors_info=&#8221;{}&#8221;][et_pb_column type=&#8221;4_4&#8243; _builder_version=&#8221;4.23.1&#8243; _module_preset=&#8221;default&#8221; global_colors_info=&#8221;{}&#8221;][et_pb_button button_url=&#8221;@ET-DC@eyJkeW5hbWljIjp0cnVlLCJjb250ZW50IjoicG9zdF9saW5rX3VybF9wYWdlIiwic2V0dGluZ3MiOnsicG9zdF9pZCI6IjEwODIifX0=@&#8221; button_text=&#8221;Funzionamento di Sarco&#8221; button_alignment=&#8221;center&#8221; _builder_version=&#8221;4.23.1&#8243; _dynamic_attributes=&#8221;button_url&#8221; _module_preset=&#8221;default&#8221; custom_margin=&#8221;20px||20px||false|false&#8221; global_colors_info=&#8221;{}&#8221;][\/et_pb_button][\/et_pb_column][\/et_pb_row][\/et_pb_section][et_pb_section fb_built=&#8221;1&#8243; fullwidth=&#8221;on&#8221; _builder_version=&#8221;4.23.1&#8243; _module_preset=&#8221;default&#8221; global_colors_info=&#8221;{}&#8221;][\/et_pb_section]<\/p>\n","protected":false},"excerpt":{"rendered":"<p>A met\u00e0 del 2023, Sarco ha completato il primo ciclo di test strumentali e tecnici a Rotterdam, nei Paesi Bassi. Da quel momento, i test sono stati condotti costantemente fino alla settimana precedente il trasferimento di Sarco in Svizzera. I test sono stati eseguiti utilizzando una vasta gamma di strumentazione (mai su \u201ctopi da laboratorio\u201d). [&hellip;]<\/p>\n","protected":false},"author":1,"featured_media":0,"parent":1052,"menu_order":0,"comment_status":"closed","ping_status":"closed","template":"","meta":{"_et_pb_use_builder":"on","_et_pb_old_content":"","_et_gb_content_width":"","footnotes":""},"_links":{"self":[{"href":"https:\/\/www.thelastresort.ch\/italiano\/wp-json\/wp\/v2\/pages\/1222"}],"collection":[{"href":"https:\/\/www.thelastresort.ch\/italiano\/wp-json\/wp\/v2\/pages"}],"about":[{"href":"https:\/\/www.thelastresort.ch\/italiano\/wp-json\/wp\/v2\/types\/page"}],"author":[{"embeddable":true,"href":"https:\/\/www.thelastresort.ch\/italiano\/wp-json\/wp\/v2\/users\/1"}],"replies":[{"embeddable":true,"href":"https:\/\/www.thelastresort.ch\/italiano\/wp-json\/wp\/v2\/comments?post=1222"}],"version-history":[{"count":23,"href":"https:\/\/www.thelastresort.ch\/italiano\/wp-json\/wp\/v2\/pages\/1222\/revisions"}],"predecessor-version":[{"id":2635,"href":"https:\/\/www.thelastresort.ch\/italiano\/wp-json\/wp\/v2\/pages\/1222\/revisions\/2635"}],"up":[{"embeddable":true,"href":"https:\/\/www.thelastresort.ch\/italiano\/wp-json\/wp\/v2\/pages\/1052"}],"wp:attachment":[{"href":"https:\/\/www.thelastresort.ch\/italiano\/wp-json\/wp\/v2\/media?parent=1222"}],"curies":[{"name":"wp","href":"https:\/\/api.w.org\/{rel}","templated":true}]}}